{"id":31,"date":"2015-11-17T09:56:48","date_gmt":"2015-11-17T08:56:48","guid":{"rendered":"http:\/\/hausarzt-stuttgart-rot.de\/lindemann\/?page_id=31"},"modified":"2022-11-09T09:39:06","modified_gmt":"2022-11-09T08:39:06","slug":"anfahrt","status":"publish","type":"page","link":"https:\/\/hausarzt-stuttgart-rot.de\/lindemann\/service\/anfahrt\/","title":{"rendered":"Anfahrt"},"content":{"rendered":"<p>[vc_row][vc_column width=&#8220;1\/1&#8243;]<h1 class=\"headline font-inherit fontsize-xxl fontweight-500 lh-inherit align-center transform-uppercase \" style=\"margin: 0 0 20px 0;\">Anfahrt<\/h1><div class=\"headline font-inherit fontsize-m fontweight-inherit lh-15 align-center transform-inherit \" style=\"margin: 0 0 45px 0;\">Sie finden unsere Hausarztpraxis in der Haldenrainstra\u00dfe 181 in Stuttgart Rot<\/div>[\/vc_column][\/vc_row][vc_row bottom_padding=&#8220;40&#8243;][vc_column width=&#8220;1\/2&#8243;][vc_column_text]<\/p>\n<h2>ANREISE MIT \u00d6FFENTLICHEN VERKEHRSMITTELN<\/h2>\n<p>Unsere Praxis ist mit \u00f6ffentlichen Verkehrsmitteln sehr gut zu erreichen. Direkt vor dem Eingang h\u00e4lt die Stadtbahn Linie U7, Haltestelle Tapachstra\u00dfe.<\/p>\n<h2>ANREISE MIT DEM PKW<\/h2>\n<p>Mit dem Auto kommend finden Sie meist gen\u00fcgend Parkpl\u00e4tze am Haus. Im Navigationsger\u00e4t geben Sie bitte als Ziel <em>Gundelsheimerstra\u00dfe 24 <\/em>ein.<\/p>\n<h2>BARRIEREFREIHEIT<\/h2>\n<p>Ein Aufzug ist vorhanden, so da\u00df Sie ohne Schwierigkeiten in den ersten Stock gelangen k\u00f6nnen.[\/vc_column_text][\/vc_column][vc_column width=&#8220;1\/2&#8243;]<a href=\"https:\/\/goo.gl\/maps\/AHT62CaxB1Xo9MyU9\" target=\"_blank\" class=\"button color-1 small \" style=\"border-radius: 2px;\"><i class='fa arrow-right'><\/i>Zu Google Maps<\/a>[\/vc_column][\/vc_row]<\/p>\n","protected":false},"excerpt":{"rendered":"<p>[vc_row][vc_column width=&#8220;1\/1&#8243;][\/vc_column][\/vc_row][vc_row bottom_padding=&#8220;40&#8243;][vc_column width=&#8220;1\/2&#8243;][vc_column_text] ANREISE MIT \u00d6FFENTLICHEN VERKEHRSMITTELN Unsere Praxis ist mit \u00f6ffentlichen Verkehrsmitteln sehr gut zu erreichen. Direkt vor dem Eingang h\u00e4lt die Stadtbahn Linie U7, Haltestelle Tapachstra\u00dfe. ANREISE MIT DEM PKW Mit dem Auto kommend finden Sie meist gen\u00fcgend Parkpl\u00e4tze am Haus. Im Navigationsger\u00e4t geben Sie bitte als Ziel Gundelsheimerstra\u00dfe 24 ein. BARRIEREFREIHEIT Ein Aufzug ist vorhanden, so da\u00df Sie ohne Schwierigkeiten in den ersten Stock gelangen k\u00f6nnen.[\/vc_column_text][\/vc_column][vc_column width=&#8220;1\/2&#8243;][\/vc_column][\/vc_row]<\/p>\n","protected":false},"author":1,"featured_media":0,"parent":14,"menu_order":0,"comment_status":"closed","ping_status":"closed","template":"","meta":{"footnotes":""},"class_list":["post-31","page","type-page","status-publish","hentry"],"aioseo_notices":[],"_links":{"self":[{"href":"https:\/\/hausarzt-stuttgart-rot.de\/lindemann\/wp-json\/wp\/v2\/pages\/31","targetHints":{"allow":["GET"]}}],"collection":[{"href":"https:\/\/hausarzt-stuttgart-rot.de\/lindemann\/wp-json\/wp\/v2\/pages"}],"about":[{"href":"https:\/\/hausarzt-stuttgart-rot.de\/lindemann\/wp-json\/wp\/v2\/types\/page"}],"author":[{"embeddable":true,"href":"https:\/\/hausarzt-stuttgart-rot.de\/lindemann\/wp-json\/wp\/v2\/users\/1"}],"replies":[{"embeddable":true,"href":"https:\/\/hausarzt-stuttgart-rot.de\/lindemann\/wp-json\/wp\/v2\/comments?post=31"}],"version-history":[{"count":28,"href":"https:\/\/hausarzt-stuttgart-rot.de\/lindemann\/wp-json\/wp\/v2\/pages\/31\/revisions"}],"predecessor-version":[{"id":1621,"href":"https:\/\/hausarzt-stuttgart-rot.de\/lindemann\/wp-json\/wp\/v2\/pages\/31\/revisions\/1621"}],"up":[{"embeddable":true,"href":"https:\/\/hausarzt-stuttgart-rot.de\/lindemann\/wp-json\/wp\/v2\/pages\/14"}],"wp:attachment":[{"href":"https:\/\/hausarzt-stuttgart-rot.de\/lindemann\/wp-json\/wp\/v2\/media?parent=31"}],"curies":[{"name":"wp","href":"https:\/\/api.w.org\/{rel}","templated":true}]}}