{"id":26,"date":"2015-11-17T09:55:59","date_gmt":"2015-11-17T08:55:59","guid":{"rendered":"http:\/\/hausarzt-stuttgart-rot.de\/lindemann\/?page_id=26"},"modified":"2026-04-28T18:18:16","modified_gmt":"2026-04-28T16:18:16","slug":"rezepte","status":"publish","type":"page","link":"https:\/\/hausarzt-stuttgart-rot.de\/lindemann\/service\/rezepte\/","title":{"rendered":"Rezeptanforderung"},"content":{"rendered":"<p>[vc_row][vc_column width=&#8220;1\/1&#8243;]<h1 class=\"headline font-inherit fontsize-xxl fontweight-500 lh-inherit align-center transform-uppercase \" style=\"margin: 0 0 20px 0;\">Online Rezeptanforderung<br \/>\n<\/h1>[vc_column_text]<\/p>\n<h3>!!! Bitte beachten !!!<br \/>\nAufgrund krankheitsbedingter Personalengp\u00e4sse\u00a0 ist unsere Praxis\u00a0 auch weiterhin bis mind. 20.05.26 <strong>\u00a0 \u00a0Mittwoch Nachmittags geschlossen<\/strong> !!! Fr. Dr. Lindemann wird in dieser Zeit am Donnerstag Nachmittag Sprechstunde\u00a0 haben.<\/h3>\n<h3><strong>Urlaub Br\u00fcckentag Himmelfahrt 15.05.26<\/strong> (Vertretung:\u00a0 Dr. Byudeyri , S- Freiberg, Tel. 842211)<br \/>\n<strong>Pfingsturlaub 01.06.-05.05.26<\/strong> (Vertretung in dringlichen F\u00e4llen: Dr. Rieber Tel. 841200)<\/h3>\n<h4><\/h4>\n<h1>&#8230;<\/h1>\n<h1><strong>Voraussetzung f\u00fcr das E-Rezept:\u00a0<\/strong><br \/>\n<strong>Ihre Versichertenkarte\u00a0mu\u00df in der Praxis im jeweiligen Quartal eingelesen sein<\/strong>, sonst kann das E-Rezept nicht ausgestellt werden. Da der Arzt auch die E-Rezepte digital &#8222;unterschreiben&#8220; mu\u00df,\u00a0 k\u00f6nnen die E-Rezepte erst am Folgetag in der Apotheke\u00a0 geholt werden (bzw. am Folgetag nach Einlesen der Versichertenkarte).<\/h1>\n<h4><strong>Wie funktioniert das E-Rezept?\u00a0 \u00a0<\/strong><br \/>\nDie Rezepte werden digital ausgestellt und\u00a0 auf einem Server gespeichert. Sie gehen in die Apotheke und legen Ihre Gesundheitskarte vor. Diese erlaubt der Apotheke, das Rezept vom Server abzurufen und Ihnen auszustellen. Sie m\u00fcssen also das Rezept nicht mehr in der Praxis abholen und in die Apotheke bringen.<\/h4>\n<h4>E-Rezepte sind (noch) nicht m\u00f6glich bei Hilfsmitteln (Teststreifen, Stechhilfen, ..), BTM-Rezepten (gelbe Rezepte f\u00fcr starke Schmerzmittel wie Morphine, Schmerzpflaster, etc. )\u00a0 und bei sogenannten gr\u00fcnen Rezepten (Schleiml\u00f6ser, Nasensprays, etc&#8230;)<\/h4>\n<p><strong>&#8230;<\/strong><\/p>\n<p><strong><br \/>\n<\/strong><strong>Bitte beachten Sie, dass wir keine medizinischen Fragen online beantworten k\u00f6nnen.<\/strong><\/p>\n<p>Sie sind bereits Patient bei uns und m\u00f6chten eine Folgeverordnung anfragen,<br \/>\nbitte geben Sie genau an, was Sie ben\u00f6tigen. Bitte legen Sie zur Abholung Ihre Versichertenkarte vor.[\/vc_column_text][\/vc_column][\/vc_row][vc_row bottom_padding=&#8220;40&#8243;][vc_column width=&#8220;1\/1&#8243;]<script type=\"text\/javascript\">\n\/* <![CDATA[ *\/\nvar gform;gform||(document.addEventListener(\"gform_main_scripts_loaded\",function(){gform.scriptsLoaded=!0}),document.addEventListener(\"gform\/theme\/scripts_loaded\",function(){gform.themeScriptsLoaded=!0}),window.addEventListener(\"DOMContentLoaded\",function(){gform.domLoaded=!0}),gform={domLoaded:!1,scriptsLoaded:!1,themeScriptsLoaded:!1,isFormEditor:()=>\"function\"==typeof InitializeEditor,callIfLoaded:function(o){return!(!gform.domLoaded||!gform.scriptsLoaded||!gform.themeScriptsLoaded&&!gform.isFormEditor()||(gform.isFormEditor()&&console.warn(\"The use of gform.initializeOnLoaded() is deprecated in the form editor context and will be removed in Gravity Forms 3.1.\"),o(),0))},initializeOnLoaded:function(o){gform.callIfLoaded(o)||(document.addEventListener(\"gform_main_scripts_loaded\",()=>{gform.scriptsLoaded=!0,gform.callIfLoaded(o)}),document.addEventListener(\"gform\/theme\/scripts_loaded\",()=>{gform.themeScriptsLoaded=!0,gform.callIfLoaded(o)}),window.addEventListener(\"DOMContentLoaded\",()=>{gform.domLoaded=!0,gform.callIfLoaded(o)}))},hooks:{action:{},filter:{}},addAction:function(o,r,e,t){gform.addHook(\"action\",o,r,e,t)},addFilter:function(o,r,e,t){gform.addHook(\"filter\",o,r,e,t)},doAction:function(o){gform.doHook(\"action\",o,arguments)},applyFilters:function(o){return gform.doHook(\"filter\",o,arguments)},removeAction:function(o,r){gform.removeHook(\"action\",o,r)},removeFilter:function(o,r,e){gform.removeHook(\"filter\",o,r,e)},addHook:function(o,r,e,t,n){null==gform.hooks[o][r]&&(gform.hooks[o][r]=[]);var d=gform.hooks[o][r];null==n&&(n=r+\"_\"+d.length),gform.hooks[o][r].push({tag:n,callable:e,priority:t=null==t?10:t})},doHook:function(r,o,e){var t;if(e=Array.prototype.slice.call(e,1),null!=gform.hooks[r][o]&&((o=gform.hooks[r][o]).sort(function(o,r){return o.priority-r.priority}),o.forEach(function(o){\"function\"!=typeof(t=o.callable)&&(t=window[t]),\"action\"==r?t.apply(null,e):e[0]=t.apply(null,e)})),\"filter\"==r)return e[0]},removeHook:function(o,r,t,n){var e;null!=gform.hooks[o][r]&&(e=(e=gform.hooks[o][r]).filter(function(o,r,e){return!!(null!=n&&n!=o.tag||null!=t&&t!=o.priority)}),gform.hooks[o][r]=e)}});\n\/* ]]> *\/\n<\/script>\n\n                <div class='gf_browser_gecko gform_wrapper gform_legacy_markup_wrapper gform-theme--no-framework' data-form-theme='legacy' data-form-index='0' id='gform_wrapper_1' ><form method='post' enctype='multipart\/form-data'  id='gform_1'  action='\/lindemann\/wp-json\/wp\/v2\/pages\/26' data-formid='1' novalidate>\n                        <div class='gform-body gform_body'><ul id='gform_fields_1' class='gform_fields top_label form_sublabel_below description_below validation_below'><li id=\"field_1_9\" class=\"gfield gfield--type-honeypot gform_validation_container field_sublabel_below gfield--has-description field_description_below field_validation_below gfield_visibility_visible\"  ><label class='gfield_label gform-field-label' for='input_1_9'>Email<\/label><div class='ginput_container'><input name='input_9' id='input_1_9' type='text' value='' autocomplete='new-password'\/><\/div><div class='gfield_description' id='gfield_description_1_9'>Dieses Feld dient zur Validierung und sollte nicht ver\u00e4ndert werden.<\/div><\/li><li id=\"field_1_1\" class=\"gfield gfield--type-name gfield_contains_required field_sublabel_below gfield--no-description field_description_below field_validation_below gfield_visibility_visible\"  ><label class='gfield_label gform-field-label gfield_label_before_complex' >Name<span class=\"gfield_required\"><span class=\"gfield_required gfield_required_asterisk\">*<\/span><\/span><\/label><div class='ginput_complex ginput_container ginput_container--name no_prefix has_first_name no_middle_name has_last_name no_suffix gf_name_has_2 ginput_container_name gform-grid-row' id='input_1_1'>\n                            \n                            <span id='input_1_1_3_container' class='name_first gform-grid-col gform-grid-col--size-auto' >\n                                                    <input type='text' name='input_1.3' id='input_1_1_3' value=''   aria-required='true'     \/>\n                                                    <label for='input_1_1_3' class='gform-field-label gform-field-label--type-sub '>Vorname<\/label>\n                                                <\/span>\n                            \n                            <span id='input_1_1_6_container' class='name_last gform-grid-col gform-grid-col--size-auto' >\n                                                    <input type='text' name='input_1.6' id='input_1_1_6' value=''   aria-required='true'     \/>\n                                                    <label for='input_1_1_6' class='gform-field-label gform-field-label--type-sub '>Nachname<\/label>\n                                                <\/span>\n                            \n                        <\/div><\/li><li id=\"field_1_2\" class=\"gfield gfield--type-date gfield--input-type-datefield gfield_contains_required field_sublabel_below gfield--no-description field_description_below field_validation_below gfield_visibility_visible\"  ><label class='gfield_label gform-field-label gfield_label_before_complex' >Geburtsdatum<span class=\"gfield_required\"><span class=\"gfield_required gfield_required_asterisk\">*<\/span><\/span><\/label><div id='input_1_2' class='ginput_container ginput_complex gform-grid-row'><div class=\"clear-multi\">\n                                        <div class='gfield_date_day ginput_container ginput_container_date gform-grid-col' id='input_1_2_2_container'>\n                                            <input type='number' maxlength='2' name='input_2[]' id='input_1_2_2' value=''   aria-required='true'   placeholder='TT' min='1' max='31' step='1'\/>\n                                            <label for='input_1_2_2' class='gform-field-label gform-field-label--type-sub screen-reader-text'>Tag<\/label>\n                                        <\/div><div class='gfield_date_month ginput_container ginput_container_date gform-grid-col' id='input_1_2_1_container'>\n                                        <input type='number' maxlength='2' name='input_2[]' id='input_1_2_1' value=''   aria-required='true'   placeholder='MM' min='1' max='12' step='1'\/>\n                                        <label for='input_1_2_1' class='gform-field-label gform-field-label--type-sub screen-reader-text'>Monat<\/label>\n                                   <\/div><div class='gfield_date_year ginput_container ginput_container_date gform-grid-col' id='input_1_2_3_container'>\n                                        <input type='number' maxlength='4' name='input_2[]' id='input_1_2_3' value=''   aria-required='true'   placeholder='JJJJ' min='1920' max='2027' step='1'\/>\n                                        <label for='input_1_2_3' class='gform-field-label gform-field-label--type-sub screen-reader-text'>Jahr<\/label>\n                                   <\/div>\n                                <\/div><\/div><\/li><li id=\"field_1_3\" class=\"gfield gfield--type-phone gfield_contains_required field_sublabel_below gfield--no-description field_description_below field_validation_below gfield_visibility_visible\"  ><label class='gfield_label gform-field-label' for='input_1_3'>Telefon<span class=\"gfield_required\"><span class=\"gfield_required gfield_required_asterisk\">*<\/span><\/span><\/label><div class='ginput_container ginput_container_phone'><input name='input_3' id='input_1_3' type='tel' value='' class='medium'   aria-required=\"true\" aria-invalid=\"false\"   \/><\/div><\/li><li id=\"field_1_4\" class=\"gfield gfield--type-email gfield_contains_required field_sublabel_below gfield--no-description field_description_below field_validation_below gfield_visibility_visible\"  ><label class='gfield_label gform-field-label' for='input_1_4'>E-Mail<span class=\"gfield_required\"><span class=\"gfield_required gfield_required_asterisk\">*<\/span><\/span><\/label><div class='ginput_container ginput_container_email'>\n                            <input name='input_4' id='input_1_4' type='email' value='' class='medium'    aria-required=\"true\" aria-invalid=\"false\"  \/>\n                        <\/div><\/li><li id=\"field_1_5\" class=\"gfield gfield--type-checkbox gfield--type-choice gfield_contains_required field_sublabel_below gfield--no-description field_description_below field_validation_below gfield_visibility_visible\"  ><label class='gfield_label gform-field-label gfield_label_before_complex' >Folgerezept<span class=\"gfield_required\"><span class=\"gfield_required gfield_required_asterisk\">*<\/span><\/span><\/label><div class='ginput_container ginput_container_checkbox'><ul class='gfield_checkbox' id='input_1_5'><li class='gchoice gchoice_1_5_1'>\n\t\t\t\t\t\t\t\t<input class='gfield-choice-input' name='input_5.1' type='checkbox'  value='Ich ben\u00f6tige ein Folgerezept' checked='checked' id='choice_1_5_1'   \/>\n\t\t\t\t\t\t\t\t<label for='choice_1_5_1' id='label_1_5_1' class='gform-field-label gform-field-label--type-inline'>Ich ben\u00f6tige ein Folgerezept<\/label>\n\t\t\t\t\t\t\t<\/li><\/ul><\/div><\/li><li id=\"field_1_6\" class=\"gfield gfield--type-textarea gfield_contains_required field_sublabel_below gfield--no-description field_description_below field_validation_below gfield_visibility_visible\"  ><label class='gfield_label gform-field-label' for='input_1_6'>Was soll verordnet werden<span class=\"gfield_required\"><span class=\"gfield_required gfield_required_asterisk\">*<\/span><\/span><\/label><div class='ginput_container ginput_container_textarea'><textarea name='input_6' id='input_1_6' class='textarea medium'     aria-required=\"true\" aria-invalid=\"false\"   rows='10' cols='50'><\/textarea><\/div><\/li><li id=\"field_1_8\" class=\"gfield gfield--type-checkbox gfield--type-choice gfield_contains_required field_sublabel_below gfield--no-description field_description_below field_validation_below gfield_visibility_visible\"  ><label class='gfield_label gform-field-label gfield_label_before_complex' >Datenschutz<span class=\"gfield_required\"><span class=\"gfield_required gfield_required_asterisk\">*<\/span><\/span><\/label><div class='ginput_container ginput_container_checkbox'><ul class='gfield_checkbox' id='input_1_8'><li class='gchoice gchoice_1_8_1'>\n\t\t\t\t\t\t\t\t<input class='gfield-choice-input' name='input_8.1' type='checkbox'  value='Ich habe die &lt;a href=&quot;https:\/\/hausarzt-stuttgart-rot.de\/lindemann\/datenschutz\/&quot; target=&quot;blank&quot;&gt;Datenschutzerkl\u00e4rung&lt;\/a&gt; gelesen und akzeptiere sie.'  id='choice_1_8_1'   \/>\n\t\t\t\t\t\t\t\t<label for='choice_1_8_1' id='label_1_8_1' class='gform-field-label gform-field-label--type-inline'>Ich habe die <a href=\"https:\/\/hausarzt-stuttgart-rot.de\/lindemann\/datenschutz\/\" target=\"blank\">Datenschutzerkl\u00e4rung<\/a> gelesen und akzeptiere sie.<\/label>\n\t\t\t\t\t\t\t<\/li><\/ul><\/div><\/li><\/ul><\/div>\n        <div class='gform-footer gform_footer top_label'> <input type='submit' id='gform_submit_button_1' class='gform_button button' onclick='gform.submission.handleButtonClick(this);' data-submission-type='submit' value='Absenden'  \/> \n            <input type='hidden' class='gform_hidden' name='gform_submission_method' data-js='gform_submission_method_1' value='postback' \/>\n            <input type='hidden' class='gform_hidden' name='gform_theme' data-js='gform_theme_1' id='gform_theme_1' value='legacy' \/>\n            <input type='hidden' class='gform_hidden' name='gform_style_settings' data-js='gform_style_settings_1' id='gform_style_settings_1' value='[]' \/>\n            <input type='hidden' class='gform_hidden' name='is_submit_1' value='1' \/>\n            <input type='hidden' class='gform_hidden' name='gform_submit' value='1' \/>\n            \n            <input type='hidden' class='gform_hidden' name='gform_currency' data-currency='EUR' value='9o09dbrqQGo\/EStIKMGRM11wEqF9lUPb8fBwfVzASp2394WbC85cwyxDVNlW0GKcu7jecvM\/oxHRHZ9l4iKTgorSGKRQqivxhUjfjnE2E7TgSxs=' \/>\n            <input type='hidden' class='gform_hidden' name='gform_unique_id' value='' \/>\n            <input type='hidden' class='gform_hidden' name='state_1' value='WyJbXSIsIjczZmUyM2VhYmIwYjk2ODIxOTMxMjhlNTE2MWZkYTFkIl0=' \/>\n            <input type='hidden' autocomplete='off' class='gform_hidden' name='gform_target_page_number_1' id='gform_target_page_number_1' value='0' \/>\n            <input type='hidden' autocomplete='off' class='gform_hidden' name='gform_source_page_number_1' id='gform_source_page_number_1' value='1' \/>\n            <input type='hidden' name='gform_field_values' value='' \/>\n            \n        <\/div>\n                        <\/form>\n                        <\/div><script type=\"text\/javascript\">\n\/* <![CDATA[ *\/\n gform.initializeOnLoaded( function() {gformInitSpinner( 1, 'https:\/\/hausarzt-stuttgart-rot.de\/lindemann\/wp-content\/plugins\/gravityforms\/images\/spinner.svg', true );jQuery('#gform_ajax_frame_1').on('load',function(){var contents = jQuery(this).contents().find('*').html();var is_postback = contents.indexOf('GF_AJAX_POSTBACK') >= 0;if(!is_postback){return;}var form_content = jQuery(this).contents().find('#gform_wrapper_1');var is_confirmation = jQuery(this).contents().find('#gform_confirmation_wrapper_1').length > 0;var is_redirect = contents.indexOf('gformRedirect(){') >= 0;var is_form = form_content.length > 0 && ! is_redirect && ! is_confirmation;var mt = parseInt(jQuery('html').css('margin-top'), 10) + parseInt(jQuery('body').css('margin-top'), 10) + 100;if(is_form){jQuery('#gform_wrapper_1').html(form_content.html());if(form_content.hasClass('gform_validation_error')){jQuery('#gform_wrapper_1').addClass('gform_validation_error');} else {jQuery('#gform_wrapper_1').removeClass('gform_validation_error');}setTimeout( function() { \/* delay the scroll by 50 milliseconds to fix a bug in chrome *\/  }, 50 );if(window['gformInitDatepicker']) {gformInitDatepicker();}if(window['gformInitPriceFields']) {gformInitPriceFields();}var current_page = jQuery('#gform_source_page_number_1').val();gformInitSpinner( 1, 'https:\/\/hausarzt-stuttgart-rot.de\/lindemann\/wp-content\/plugins\/gravityforms\/images\/spinner.svg', true );jQuery(document).trigger('gform_page_loaded', [1, current_page]);window['gf_submitting_1'] = false;}else if(!is_redirect){var confirmation_content = jQuery(this).contents().find('.GF_AJAX_POSTBACK').html();if(!confirmation_content){confirmation_content = contents;}jQuery('#gform_wrapper_1').replaceWith(confirmation_content);jQuery(document).trigger('gform_confirmation_loaded', [1]);window['gf_submitting_1'] = false;wp.a11y.speak(jQuery('#gform_confirmation_message_1').text());}else{jQuery('#gform_1').append(contents);if(window['gformRedirect']) {gformRedirect();}}jQuery(document).trigger(\"gform_pre_post_render\", [{ formId: \"1\", currentPage: \"current_page\", abort: function() { this.preventDefault(); } }]);        if (event && event.defaultPrevented) {                return;        }        const gformWrapperDiv = document.getElementById( \"gform_wrapper_1\" );        if ( gformWrapperDiv ) {            const visibilitySpan = document.createElement( \"span\" );            visibilitySpan.id = \"gform_visibility_test_1\";            gformWrapperDiv.insertAdjacentElement( \"afterend\", visibilitySpan );        }        const visibilityTestDiv = document.getElementById( \"gform_visibility_test_1\" );        let postRenderFired = false;        function triggerPostRender() {            if ( postRenderFired ) {                return;            }            postRenderFired = true;            gform.core.triggerPostRenderEvents( 1, current_page );            if ( visibilityTestDiv ) {                visibilityTestDiv.parentNode.removeChild( visibilityTestDiv );            }        }        function debounce( func, wait, immediate ) {            var timeout;            return function() {                var context = this, args = arguments;                var later = function() {                    timeout = null;                    if ( !immediate ) func.apply( context, args );                };                var callNow = immediate && !timeout;                clearTimeout( timeout );                timeout = setTimeout( later, wait );                if ( callNow ) func.apply( context, args );            };        }        const debouncedTriggerPostRender = debounce( function() {            triggerPostRender();        }, 200 );        if ( visibilityTestDiv && visibilityTestDiv.offsetParent === null ) {            const observer = new MutationObserver( ( mutations ) => {                mutations.forEach( ( mutation ) => {                    if ( mutation.type === 'attributes' && visibilityTestDiv.offsetParent !== null ) {                        debouncedTriggerPostRender();                        observer.disconnect();                    }                });            });            observer.observe( document.body, {                attributes: true,                childList: false,                subtree: true,                attributeFilter: [ 'style', 'class' ],            });        } else {            triggerPostRender();        }    } );} ); \n\/* ]]> *\/\n<\/script>\n[\/vc_column][\/vc_row]<\/p>\n","protected":false},"excerpt":{"rendered":"<p>[vc_row][vc_column width=&#8220;1\/1&#8243;][vc_column_text] !!! Bitte beachten !!! Aufgrund krankheitsbedingter Personalengp\u00e4sse\u00a0 ist unsere Praxis\u00a0 auch weiterhin bis mind. 20.05.26 \u00a0 \u00a0Mittwoch Nachmittags geschlossen !!! Fr. Dr. Lindemann wird in dieser Zeit am Donnerstag Nachmittag Sprechstunde\u00a0 haben. Urlaub Br\u00fcckentag Himmelfahrt 15.05.26 (Vertretung:\u00a0 Dr. Byudeyri , S- Freiberg, Tel. 842211) Pfingsturlaub 01.06.-05.05.26 (Vertretung in dringlichen F\u00e4llen: Dr. Rieber Tel. 841200) &#8230; Voraussetzung f\u00fcr das E-Rezept:\u00a0 Ihre Versichertenkarte\u00a0mu\u00df in der Praxis im jeweiligen Quartal eingelesen sein, sonst kann das E-Rezept nicht ausgestellt werden. Da der Arzt auch die E-Rezepte digital &#8222;unterschreiben&#8220; mu\u00df,\u00a0 k\u00f6nnen die E-Rezepte erst am Folgetag in der Apotheke\u00a0 geholt werden (bzw. am Folgetag nach Einlesen der Versichertenkarte). Wie funktioniert das E-Rezept?\u00a0 \u00a0 Die Rezepte werden digital ausgestellt und\u00a0 auf einem Server gespeichert. Sie gehen in die Apotheke und legen Ihre Gesundheitskarte vor. Diese erlaubt der Apotheke, das Rezept vom Server abzurufen und Ihnen auszustellen. Sie m\u00fcssen also das Rezept nicht mehr in der Praxis abholen und in die Apotheke bringen. E-Rezepte sind (noch) nicht m\u00f6glich bei Hilfsmitteln (Teststreifen, Stechhilfen, ..), BTM-Rezepten (gelbe Rezepte f\u00fcr starke Schmerzmittel wie Morphine, Schmerzpflaster, etc. )\u00a0 und bei sogenannten gr\u00fcnen Rezepten (Schleiml\u00f6ser, Nasensprays, etc&#8230;) &#8230; Bitte beachten Sie, dass wir keine medizinischen Fragen online beantworten k\u00f6nnen. Sie [&hellip;]<\/p>\n","protected":false},"author":1,"featured_media":0,"parent":14,"menu_order":0,"comment_status":"closed","ping_status":"closed","template":"","meta":{"footnotes":""},"class_list":["post-26","page","type-page","status-publish","hentry"],"aioseo_notices":[],"_links":{"self":[{"href":"https:\/\/hausarzt-stuttgart-rot.de\/lindemann\/wp-json\/wp\/v2\/pages\/26","targetHints":{"allow":["GET"]}}],"collection":[{"href":"https:\/\/hausarzt-stuttgart-rot.de\/lindemann\/wp-json\/wp\/v2\/pages"}],"about":[{"href":"https:\/\/hausarzt-stuttgart-rot.de\/lindemann\/wp-json\/wp\/v2\/types\/page"}],"author":[{"embeddable":true,"href":"https:\/\/hausarzt-stuttgart-rot.de\/lindemann\/wp-json\/wp\/v2\/users\/1"}],"replies":[{"embeddable":true,"href":"https:\/\/hausarzt-stuttgart-rot.de\/lindemann\/wp-json\/wp\/v2\/comments?post=26"}],"version-history":[{"count":229,"href":"https:\/\/hausarzt-stuttgart-rot.de\/lindemann\/wp-json\/wp\/v2\/pages\/26\/revisions"}],"predecessor-version":[{"id":2042,"href":"https:\/\/hausarzt-stuttgart-rot.de\/lindemann\/wp-json\/wp\/v2\/pages\/26\/revisions\/2042"}],"up":[{"embeddable":true,"href":"https:\/\/hausarzt-stuttgart-rot.de\/lindemann\/wp-json\/wp\/v2\/pages\/14"}],"wp:attachment":[{"href":"https:\/\/hausarzt-stuttgart-rot.de\/lindemann\/wp-json\/wp\/v2\/media?parent=26"}],"curies":[{"name":"wp","href":"https:\/\/api.w.org\/{rel}","templated":true}]}}