{"id":24,"date":"2015-11-17T09:55:41","date_gmt":"2015-11-17T08:55:41","guid":{"rendered":"http:\/\/hausarzt-stuttgart-rot.de\/lindemann\/?page_id=24"},"modified":"2026-02-27T15:03:45","modified_gmt":"2026-02-27T14:03:45","slug":"sprechzeiten","status":"publish","type":"page","link":"https:\/\/hausarzt-stuttgart-rot.de\/lindemann\/service\/sprechzeiten\/","title":{"rendered":"Sprechzeiten"},"content":{"rendered":"<p>[vc_row][vc_column width=&#8220;1\/1&#8243;]<h1 class=\"headline font-inherit fontsize-xxl fontweight-500 lh-inherit align-center transform-uppercase \" style=\"margin: 0 0 20px 0;\">Sprechzeiten \u2013 wir sind f\u00fcr Sie da<\/h1><div class=\"headline font-inherit fontsize-m fontweight-inherit lh-15 align-center transform-inherit \" style=\"margin: 0 0 45px 0;\">Unsere Helferinnen versuchen, Ihr Anliegen und Ihre Terminw\u00fcnsche bestm\u00f6glichst zu ber\u00fccksichtigen.<\/div>[\/vc_column][\/vc_row][vc_row bottom_padding=&#8220;40&#8243;][vc_column width=&#8220;2\/3&#8243;][vc_column_text]<\/p>\n<h2>Terminvereinbarung<\/h2>\n<p>Wir f\u00fchren eine Bestellpraxis, um Ihre Wartezeiten so kurz wie m\u00f6glich zu halten. Bitte vereinbaren Sie deshalb telefonisch mit den Mitarbeiterinnen einen Termin. Auch bei akuten Erkrankungen bitten wir zur kurzfristigen Terminkoordination um einen Anruf.<br \/>\nSie k\u00f6nnen Ihren\u00a0<a href=\"http:\/\/hausarzt-stuttgart-rot.de\/lindemann\/service\/terminanfrage\/\">Terminwunsch auch online \u00fcbermitteln<\/a>.<br \/>\n<strong>Dies gilt selbstverst\u00e4ndlich nicht f\u00fcr\u00a0<a href=\"http:\/\/hausarzt-stuttgart-rot.de\/lindemann\/service\/im-notfall\/\"><i class=\"fa fa-angle-double-right minti-icon\" style=\"color:#ED1846 !important; font-size: 18px; margin: 0px 0px 0px 0px\"><\/i> Notf\u00e4lle<\/a><span id=\"freitagnachmittag\"><\/span><\/strong>.<\/p>\n<p>&nbsp;<\/p>\n<h2><i class=\"fa fa-angle-double-right minti-icon\" style=\"color:#ED1846 !important; font-size: 24px; margin: 0px 0px 0px 0px\"><\/i> Sprechzeiten am Freitagnachmittag<\/h2>\n<p>Seit einigen Jahren \u00fcbernimmt die <a href=\"http:\/\/www.notfallpraxis-stuttgart.de\/\" target=\"_blank\" rel=\"noopener\"><strong>Notfallpraxis am Marienhospital<\/strong><\/a> die Wochenendnotfallversorgung <strong>am Freitagnachmittag ab 14 Uhr.<\/strong><\/p>\n<p>Wir haben deshalb f\u00fcr Notf\u00e4lle Freitags\u00a0 bis 14 Uhr ge\u00f6ffnet.<\/p>\n<p>&nbsp;<\/p>\n<h2>Wartezeiten<\/h2>\n<p>Praxisorganisation besteht vor allem darin, f\u00fcr Sie einen reibungslosen Ablauf zu gew\u00e4hrleisten. Das bedeutet, dass wir jede Anstrengung unternehmen, damit Sie nicht lange warten m\u00fcssen \u2013 und trotzdem gr\u00fcndlich, umfassend und individuell betreut werden. Es gibt in der haus\u00e4rztlichen T\u00e4tigkeit immer Phasen hohen Aufkommens akuter Erkrankungen, in denen sich l\u00e4ngere Wartezeiten leider nicht ganz vermeiden lassen \u2013 hier bitten wir um Ihr Verst\u00e4ndnis.<\/p>\n<p>&nbsp;<\/p>\n<h2>Hausbesuche<\/h2>\n<p>Bei medizinischer Notwendigkeit f\u00fchren unsere \u00c4rzte auch Hausbesuche durch \u2013 wir bitten diese telefonisch anzumelden. Hausbesuche in Heimen und bei dauerhaft nicht gehf\u00e4higen Patienten erfolgen in regelm\u00e4\u00dfigem Turnus.[\/vc_column_text][\/vc_column][vc_column el_class=&#8220;red-box&#8220; width=&#8220;1\/3&#8243;]<div class=\"imagebox wpb_content_element style-2\"><div class=\"imagebox-img\"><a href='http:\/\/hausarzt-stuttgart-rot.de\/lindemann\/leistungen\/'><img decoding=\"async\" src=\"https:\/\/hausarzt-stuttgart-rot.de\/lindemann\/wp-content\/uploads\/sites\/2\/2015\/11\/lindemann-hausarzt-terminvereinbarung.jpg\" alt=\"Sprechzeiten Dr. Beate Lindemann - Hausarzt in Stuttgart Rot\" \/><\/a><\/div>\n<h2 style=\"color: #ffffff;\">Sprechzeiten<\/h2>\n<p>Mo &#8211; Fr 8 &#8211; 12 Uhr<br \/>\nMo, Di, Mi 15 &#8211; 18 Uhr<br \/>\n4.3.-1.4.26 Mi nachmittag geschlossen<br \/>\nDo\u00a0 15.30 &#8211; 18Uhr<br \/>\nFr nachmittag <a style=\"color: #b7b7b7;\" href=\"https:\/\/hausarzt-stuttgart-rot.de\/lindemann\/service\/sprechzeiten#freitagnachmittag\">bis 14Uhr<\/a><br \/>\nsowie<br \/>\nSprechstunde nach Vereinbarung<\/p>\n<p><strong><span class=\"phone\"><i class=\"fa fa-phone minti-icon\" style=\"color:#ffffff !important; font-size: 14px; margin: 0px 5px 0px 0px\"><\/i>\u00a0<\/span> 0711 &#8211; 87 13 94<\/strong><\/div>[\/vc_column][\/vc_row]<\/p>\n","protected":false},"excerpt":{"rendered":"<p>[vc_row][vc_column width=&#8220;1\/1&#8243;][\/vc_column][\/vc_row][vc_row bottom_padding=&#8220;40&#8243;][vc_column width=&#8220;2\/3&#8243;][vc_column_text] Terminvereinbarung Wir f\u00fchren eine Bestellpraxis, um Ihre Wartezeiten so kurz wie m\u00f6glich zu halten. Bitte vereinbaren Sie deshalb telefonisch mit den Mitarbeiterinnen einen Termin. Auch bei akuten Erkrankungen bitten wir zur kurzfristigen Terminkoordination um einen Anruf. Sie k\u00f6nnen Ihren\u00a0Terminwunsch auch online \u00fcbermitteln. Dies gilt selbstverst\u00e4ndlich nicht f\u00fcr\u00a0 Notf\u00e4lle. &nbsp; Sprechzeiten am Freitagnachmittag Seit einigen Jahren \u00fcbernimmt die Notfallpraxis am Marienhospital die Wochenendnotfallversorgung am Freitagnachmittag ab 14 Uhr. Wir haben deshalb f\u00fcr Notf\u00e4lle Freitags\u00a0 bis 14 Uhr ge\u00f6ffnet. &nbsp; Wartezeiten Praxisorganisation besteht vor allem darin, f\u00fcr Sie einen reibungslosen Ablauf zu gew\u00e4hrleisten. Das bedeutet, dass wir jede Anstrengung unternehmen, damit Sie nicht lange warten m\u00fcssen \u2013 und trotzdem gr\u00fcndlich, umfassend und individuell betreut werden. Es gibt in der haus\u00e4rztlichen T\u00e4tigkeit immer Phasen hohen Aufkommens akuter Erkrankungen, in denen sich l\u00e4ngere Wartezeiten leider nicht ganz vermeiden lassen \u2013 hier bitten wir um Ihr Verst\u00e4ndnis. &nbsp; Hausbesuche Bei medizinischer Notwendigkeit f\u00fchren unsere \u00c4rzte auch Hausbesuche durch \u2013 wir bitten diese telefonisch anzumelden. Hausbesuche in Heimen und bei dauerhaft nicht gehf\u00e4higen Patienten erfolgen in regelm\u00e4\u00dfigem Turnus.[\/vc_column_text][\/vc_column][vc_column el_class=&#8220;red-box&#8220; width=&#8220;1\/3&#8243;][\/vc_column][\/vc_row]<\/p>\n","protected":false},"author":1,"featured_media":0,"parent":14,"menu_order":0,"comment_status":"closed","ping_status":"closed","template":"","meta":{"footnotes":""},"class_list":["post-24","page","type-page","status-publish","hentry"],"aioseo_notices":[],"_links":{"self":[{"href":"https:\/\/hausarzt-stuttgart-rot.de\/lindemann\/wp-json\/wp\/v2\/pages\/24","targetHints":{"allow":["GET"]}}],"collection":[{"href":"https:\/\/hausarzt-stuttgart-rot.de\/lindemann\/wp-json\/wp\/v2\/pages"}],"about":[{"href":"https:\/\/hausarzt-stuttgart-rot.de\/lindemann\/wp-json\/wp\/v2\/types\/page"}],"author":[{"embeddable":true,"href":"https:\/\/hausarzt-stuttgart-rot.de\/lindemann\/wp-json\/wp\/v2\/users\/1"}],"replies":[{"embeddable":true,"href":"https:\/\/hausarzt-stuttgart-rot.de\/lindemann\/wp-json\/wp\/v2\/comments?post=24"}],"version-history":[{"count":50,"href":"https:\/\/hausarzt-stuttgart-rot.de\/lindemann\/wp-json\/wp\/v2\/pages\/24\/revisions"}],"predecessor-version":[{"id":967,"href":"https:\/\/hausarzt-stuttgart-rot.de\/lindemann\/wp-json\/wp\/v2\/pages\/24\/revisions\/967"}],"up":[{"embeddable":true,"href":"https:\/\/hausarzt-stuttgart-rot.de\/lindemann\/wp-json\/wp\/v2\/pages\/14"}],"wp:attachment":[{"href":"https:\/\/hausarzt-stuttgart-rot.de\/lindemann\/wp-json\/wp\/v2\/media?parent=24"}],"curies":[{"name":"wp","href":"https:\/\/api.w.org\/{rel}","templated":true}]}}