{"id":20,"date":"2015-11-17T09:54:52","date_gmt":"2015-11-17T08:54:52","guid":{"rendered":"http:\/\/hausarzt-stuttgart-rot.de\/lindemann\/?page_id=20"},"modified":"2023-06-17T13:46:13","modified_gmt":"2023-06-17T11:46:13","slug":"aerzte","status":"publish","type":"page","link":"https:\/\/hausarzt-stuttgart-rot.de\/lindemann\/aerzte-team\/aerzte\/","title":{"rendered":"\u00c4rzte"},"content":{"rendered":"<p>[vc_row bottom_padding=&#8220;10&#8243;][vc_column width=&#8220;1\/1&#8243;]<h1 class=\"headline font-inherit fontsize-xxl fontweight-500 lh-inherit align-center transform-uppercase \" style=\"margin: 0 0 20px 0;\">Unser \u00c4rzteteam stellt sich vor<\/h1>[\/vc_column][\/vc_row][vc_row bottom_padding=&#8220;10&#8243;][vc_column width=&#8220;1\/1&#8243;]<h2 class=\"headline font-inherit fontsize-l fontweight-500 lh-13 align-left transform-uppercase \" style=\"margin: 0 0 0 0;\">Dr. med. Beate Lindemann<\/h2><h3 class=\"headline font-inherit fontsize-m fontweight-500 lh-inherit align-left transform-inherit \" style=\"margin: 0 0 20px 0;\">Fach\u00e4rztin f\u00fcr Innere Medizin<br \/>\n<\/h3>[\/vc_column][\/vc_row][vc_row bottom_padding=&#8220;60&#8243;][vc_column width=&#8220;7\/12&#8243;]<div class=\"single_image wpb_content_element align-left    \" data-animation=\"none\" data-delay=\"0\"><img loading=\"lazy\" decoding=\"async\" width=\"655\" height=\"344\" src=\"https:\/\/hausarzt-stuttgart-rot.de\/lindemann\/wp-content\/uploads\/sites\/2\/2015\/11\/Dr.-Beate-Lindemann-Hausarzt-in-Stuttgart.jpg\" class=\"attachment-full\" alt=\"Dr. med. Beate Lindemann - Hausarzt in Stuttgart\" srcset=\"https:\/\/hausarzt-stuttgart-rot.de\/lindemann\/wp-content\/uploads\/sites\/2\/2015\/11\/Dr.-Beate-Lindemann-Hausarzt-in-Stuttgart.jpg 655w, https:\/\/hausarzt-stuttgart-rot.de\/lindemann\/wp-content\/uploads\/sites\/2\/2015\/11\/Dr.-Beate-Lindemann-Hausarzt-in-Stuttgart-300x158.jpg 300w\" sizes=\"auto, (max-width: 655px) 100vw, 655px\" \/><\/div>[\/vc_column][vc_column width=&#8220;5\/12&#8243;][vc_column_text]Frau Dr. Lindemann ist Internistin mit Zusatzqualifikationen im Fach Klinische Geriatrie und Palliativmedizin. Ihre klinische Ausbildung absolvierte sie am Bethesdakrankenhaus und an der Medizinischen Universit\u00e4tsklinik in Ulm, sowie an der Klinik f\u00fcr Geriatrische Rehabilitation am Robert-Bosch-Krankenhaus in Stuttgart. Sie war\u00a0Ober\u00e4rztin in der damals noch existierenden Abteilung f\u00fcr Akutgeriatrie im Rotkreuzkrankenhaus in Bad Cannstatt.<br \/>\nAb Juli 2010 war sie als Haus\u00e4rztin in Gemeinschaftspraxis mit Frau Dr. Heidrun Halbgewachs-Breiden niedergelassen und f\u00fchrte die Praxis ab Januar 2016 zun\u00e4chst als Einzelpraxis\u00a0 dann in Gemeinschaftspraxis mit Herrn Dr. K\u00f6rting weiter. Sie ist Mutter von zwei Kindern\u00a0 inzwischen im jungen Erwachsenenalter.[\/vc_column_text][\/vc_column][\/vc_row][vc_row bottom_padding=&#8220;10&#8243;][vc_column width=&#8220;1\/1&#8243;]<h2 class=\"headline font-inherit fontsize-l fontweight-500 lh-13 align-left transform-uppercase \" style=\"margin: 0 0 0 0;\">Dr. med. Michael K\u00f6rting<\/h2><h3 class=\"headline font-inherit fontsize-m fontweight-500 lh-inherit align-left transform-inherit \" style=\"margin: 0 0 20px 0;\">Facharzt f\u00fcr Allgemeinmedizin<\/h3>[\/vc_column][\/vc_row][vc_row bottom_padding=&#8220;60&#8243;][vc_column width=&#8220;7\/12&#8243;]<div class=\"single_image wpb_content_element align-left    \" data-animation=\"none\" data-delay=\"0\"><img loading=\"lazy\" decoding=\"async\" width=\"655\" height=\"344\" src=\"https:\/\/hausarzt-stuttgart-rot.de\/lindemann\/wp-content\/uploads\/sites\/2\/2015\/11\/dr-koerting.jpg\" class=\"attachment-full\" alt=\"Dr. med. Michael K\u00f6rting\" srcset=\"https:\/\/hausarzt-stuttgart-rot.de\/lindemann\/wp-content\/uploads\/sites\/2\/2015\/11\/dr-koerting.jpg 655w, https:\/\/hausarzt-stuttgart-rot.de\/lindemann\/wp-content\/uploads\/sites\/2\/2015\/11\/dr-koerting-300x158.jpg 300w\" sizes=\"auto, (max-width: 655px) 100vw, 655px\" \/><\/div>[\/vc_column][vc_column width=&#8220;5\/12&#8243;][vc_column_text]Dr. med. Michael K\u00f6rting, Vater von drei Kindern, ist Allgemeinmediziner mit der Zusatzqualifikation Notfallmedizin. Er studierte an der Universit\u00e4t Heidelberg, wo er seinen Doktorgrad mit einer experimentell-chirurgischen Arbeit \u00fcber Nierentransplantation erlangte.\u00a0 Seine weitere Ausbildung absolvierte\u00a0er in der Abteilung f\u00fcr Innere Medizin im Diakonie Klinikum Stuttgart und\u00a0im Triemli Hospital in Z\u00fcrich (Chirurgie) sowie zuletzt in der Abteilung f\u00fcr Innere Medizin (Kardiologie, Endokrinologie\/ Diabetologie sowie Intensivmedizin) im Krankenhaus Bietigheim. Ab 2008 arbeitete er als angestellter Allgemeinmediziner in Stuttgart-Zuffenhausen. Seit Mai 2016\u00a0ist er Partner in der Gemeinschaftspraxis mit Fr. Dr. Beate Lindemann.[\/vc_column_text][\/vc_column][\/vc_row][vc_row bottom_padding=&#8220;10&#8243; class=&#8220;hidden&#8220;][vc_column width=&#8220;1\/1&#8243;]<h2 class=\"headline font-inherit fontsize-l fontweight-500 lh-13 align-left transform-uppercase \" style=\"margin: 0 0 0 0;\">Dr. med. Carola Hofmann <\/h2><h3 class=\"headline font-inherit fontsize-m fontweight-500 lh-inherit align-left transform-inherit \" style=\"margin: 0 0 20px 0;\">\u00c4rztin in Weiterbildung<\/h3>[\/vc_column][\/vc_row][vc_row bottom_padding=&#8220;100&#8243; class=&#8220;hidden&#8220;][vc_column el_class=&#8220;hidden&#8220; width=&#8220;7\/12&#8243;]<div class=\"single_image wpb_content_element align-left    \" data-animation=\"none\" data-delay=\"0\"><img loading=\"lazy\" decoding=\"async\" width=\"655\" height=\"344\" src=\"https:\/\/hausarzt-stuttgart-rot.de\/lindemann\/wp-content\/uploads\/sites\/2\/2015\/11\/Dr.-med.-Carola-Hofmann-Hausarzt.jpg\" class=\"attachment-full\" alt=\"Dr. med. Carola Hofmann - Hausarzt\" srcset=\"https:\/\/hausarzt-stuttgart-rot.de\/lindemann\/wp-content\/uploads\/sites\/2\/2015\/11\/Dr.-med.-Carola-Hofmann-Hausarzt.jpg 655w, https:\/\/hausarzt-stuttgart-rot.de\/lindemann\/wp-content\/uploads\/sites\/2\/2015\/11\/Dr.-med.-Carola-Hofmann-Hausarzt-300x158.jpg 300w\" sizes=\"auto, (max-width: 655px) 100vw, 655px\" \/><\/div>[\/vc_column][vc_column width=&#8220;5\/12&#8243;][vc_column_text]Unsere Weiterbildungsassistentin Frau Dr. Hofmann wird erst nach der aktuellen Schwangerschaft und Entbindung\u00a0 unser Team wieder verst\u00e4rken.<\/p>\n<p>Frau Hofmann\u00a0besitzt mehrj\u00e4hrige Erfahrung in Innerer Medizin. Ihre bisherige klinische Ausbildung hat sie am Klinikum Ludwigsburg und am Krankenhaus vom Roten Kreuz in Bad Cannstatt absolviert.[\/vc_column_text][\/vc_column][\/vc_row][vc_row bottom_padding=&#8220;10&#8243;][vc_column width=&#8220;1\/1&#8243;]<h2 class=\"headline font-inherit fontsize-l fontweight-500 lh-13 align-left transform-uppercase \" style=\"margin: 0 0 0 0;\">Dr. med. Heidrun Halbgewachs-Breiden<\/h2><h3 class=\"headline font-inherit fontsize-m fontweight-500 lh-inherit align-left transform-inherit \" style=\"margin: 0 0 20px 0;\">\u00c4rztin f\u00fcr Allgemeinmedizin<br \/>\n<\/h3>[\/vc_column][\/vc_row][vc_row bottom_padding=&#8220;100&#8243;][vc_column width=&#8220;1\/3&#8243;]<div class=\"single_image wpb_content_element align-left    \" data-animation=\"none\" data-delay=\"0\"><img loading=\"lazy\" decoding=\"async\" width=\"400\" height=\"500\" src=\"https:\/\/hausarzt-stuttgart-rot.de\/lindemann\/wp-content\/uploads\/sites\/2\/2015\/11\/dr-heidrun-halbgewachs-breiden.jpg\" class=\"attachment-full\" alt=\"Dr. Heidrun Halbgewachs-Breiden mit Dr. Beate Lindemann\" srcset=\"https:\/\/hausarzt-stuttgart-rot.de\/lindemann\/wp-content\/uploads\/sites\/2\/2015\/11\/dr-heidrun-halbgewachs-breiden.jpg 400w, https:\/\/hausarzt-stuttgart-rot.de\/lindemann\/wp-content\/uploads\/sites\/2\/2015\/11\/dr-heidrun-halbgewachs-breiden-240x300.jpg 240w\" sizes=\"auto, (max-width: 400px) 100vw, 400px\" \/><span class=\"single_image_caption\">Dr. Heidrun Halbgewachs-Breiden mit Dr. Beate Lindemann<\/span><\/div>[\/vc_column][vc_column width=&#8220;2\/3&#8243;][vc_column_text]Dr. Halbgewachs-Breiden war seit \u00fcber 30 Jahren als Allgemein\u00e4rztin in Stuttgart-Rot haus\u00e4rztlich t\u00e4tig. Nach vielen Jahren in der Bretzfelder Str. 16 zog sie 2010 in die jetzigen Praxisr\u00e4ume in der Haldenrainstra\u00dfe 181 um und f\u00fchrte die Praxis als Gemeinschaftspraxis mit Frau Dr. Lindemann weiter. Zum 1. Januar 2016 hat sich Frau Dr. Halbgewachs-Breiden in den wohlverdienten Ruhestand verabschiedet.[\/vc_column_text][\/vc_column][\/vc_row]<\/p>\n","protected":false},"excerpt":{"rendered":"<p>[vc_row bottom_padding=&#8220;10&#8243;][vc_column width=&#8220;1\/1&#8243;][\/vc_column][\/vc_row][vc_row bottom_padding=&#8220;10&#8243;][vc_column width=&#8220;1\/1&#8243;][\/vc_column][\/vc_row][vc_row bottom_padding=&#8220;60&#8243;][vc_column width=&#8220;7\/12&#8243;][\/vc_column][vc_column width=&#8220;5\/12&#8243;][vc_column_text]Frau Dr. Lindemann ist Internistin mit Zusatzqualifikationen im Fach Klinische Geriatrie und Palliativmedizin. Ihre klinische Ausbildung absolvierte sie am Bethesdakrankenhaus und an der Medizinischen Universit\u00e4tsklinik in Ulm, sowie an der Klinik f\u00fcr Geriatrische Rehabilitation am Robert-Bosch-Krankenhaus in Stuttgart. Sie war\u00a0Ober\u00e4rztin in der damals noch existierenden Abteilung f\u00fcr Akutgeriatrie im Rotkreuzkrankenhaus in Bad Cannstatt. Ab Juli 2010 war sie als Haus\u00e4rztin in Gemeinschaftspraxis mit Frau Dr. Heidrun Halbgewachs-Breiden niedergelassen und f\u00fchrte die Praxis ab Januar 2016 zun\u00e4chst als Einzelpraxis\u00a0 dann in Gemeinschaftspraxis mit Herrn Dr. K\u00f6rting weiter. Sie ist Mutter von zwei Kindern\u00a0 inzwischen im jungen Erwachsenenalter.[\/vc_column_text][\/vc_column][\/vc_row][vc_row bottom_padding=&#8220;10&#8243;][vc_column width=&#8220;1\/1&#8243;][\/vc_column][\/vc_row][vc_row bottom_padding=&#8220;60&#8243;][vc_column width=&#8220;7\/12&#8243;][\/vc_column][vc_column width=&#8220;5\/12&#8243;][vc_column_text]Dr. med. Michael K\u00f6rting, Vater von drei Kindern, ist Allgemeinmediziner mit der Zusatzqualifikation Notfallmedizin. Er studierte an der Universit\u00e4t Heidelberg, wo er seinen Doktorgrad mit einer experimentell-chirurgischen Arbeit \u00fcber Nierentransplantation erlangte.\u00a0 Seine weitere Ausbildung absolvierte\u00a0er in der Abteilung f\u00fcr Innere Medizin im Diakonie Klinikum Stuttgart und\u00a0im Triemli Hospital in Z\u00fcrich (Chirurgie) sowie zuletzt in der Abteilung f\u00fcr Innere Medizin (Kardiologie, Endokrinologie\/ Diabetologie sowie Intensivmedizin) im Krankenhaus Bietigheim. Ab 2008 arbeitete er als angestellter Allgemeinmediziner in Stuttgart-Zuffenhausen. Seit Mai 2016\u00a0ist er Partner in der Gemeinschaftspraxis mit Fr. Dr. Beate Lindemann.[\/vc_column_text][\/vc_column][\/vc_row][vc_row bottom_padding=&#8220;10&#8243; class=&#8220;hidden&#8220;][vc_column width=&#8220;1\/1&#8243;][\/vc_column][\/vc_row][vc_row bottom_padding=&#8220;100&#8243; [&hellip;]<\/p>\n","protected":false},"author":1,"featured_media":0,"parent":10,"menu_order":0,"comment_status":"closed","ping_status":"closed","template":"","meta":{"footnotes":""},"class_list":["post-20","page","type-page","status-publish","hentry"],"aioseo_notices":[],"_links":{"self":[{"href":"https:\/\/hausarzt-stuttgart-rot.de\/lindemann\/wp-json\/wp\/v2\/pages\/20","targetHints":{"allow":["GET"]}}],"collection":[{"href":"https:\/\/hausarzt-stuttgart-rot.de\/lindemann\/wp-json\/wp\/v2\/pages"}],"about":[{"href":"https:\/\/hausarzt-stuttgart-rot.de\/lindemann\/wp-json\/wp\/v2\/types\/page"}],"author":[{"embeddable":true,"href":"https:\/\/hausarzt-stuttgart-rot.de\/lindemann\/wp-json\/wp\/v2\/users\/1"}],"replies":[{"embeddable":true,"href":"https:\/\/hausarzt-stuttgart-rot.de\/lindemann\/wp-json\/wp\/v2\/comments?post=20"}],"version-history":[{"count":72,"href":"https:\/\/hausarzt-stuttgart-rot.de\/lindemann\/wp-json\/wp\/v2\/pages\/20\/revisions"}],"predecessor-version":[{"id":1698,"href":"https:\/\/hausarzt-stuttgart-rot.de\/lindemann\/wp-json\/wp\/v2\/pages\/20\/revisions\/1698"}],"up":[{"embeddable":true,"href":"https:\/\/hausarzt-stuttgart-rot.de\/lindemann\/wp-json\/wp\/v2\/pages\/10"}],"wp:attachment":[{"href":"https:\/\/hausarzt-stuttgart-rot.de\/lindemann\/wp-json\/wp\/v2\/media?parent=20"}],"curies":[{"name":"wp","href":"https:\/\/api.w.org\/{rel}","templated":true}]}}