{"id":18,"date":"2015-11-17T09:54:35","date_gmt":"2015-11-17T08:54:35","guid":{"rendered":"http:\/\/hausarzt-stuttgart-rot.de\/lindemann\/?page_id=18"},"modified":"2016-01-26T09:30:21","modified_gmt":"2016-01-26T08:30:21","slug":"unser-leitbild","status":"publish","type":"page","link":"https:\/\/hausarzt-stuttgart-rot.de\/lindemann\/ueber-uns\/unser-leitbild\/","title":{"rendered":"Unser Leitbild"},"content":{"rendered":"<p>[vc_row][vc_column width=&#8220;1\/1&#8243;][rev_slider_vc alias=&#8220;ziele&#8220;]<h1 class=\"headline font-inherit fontsize-xxl fontweight-500 lh-14 align-center transform-uppercase \" style=\"margin: 0 0 20px 0;\">Unser Ziel ist es, Sie freundlich und kompetent in allen Fragen der Gesundheit zu beraten.<\/h1><div class=\"headline font-inherit fontsize-m fontweight-inherit lh-15 align-center transform-inherit \" style=\"margin: 0 0 45px 0;\">Dazu geh\u00f6rt &#8211; neben der Vorsorge &#8211; vor allem die Behandlung von akuten Erkrankungen<br \/>\nsowie die Betreuung von chronisch Kranken &#8211; und zwar in jeder Lebensphase.<\/div>[\/vc_column][\/vc_row][vc_row bottom_padding=&#8220;80&#8243;][vc_column width=&#8220;1\/2&#8243;][vc_column_text]<\/p>\n<h2>Unsere Patienten<\/h2>\n<p>Wir \u00fcbernehmen unsere Patienten vom Kinderarzt entweder nach oder zur J1-Vorsorgeuntersuchung (12 Jahre) und betreuen sie bis ins hohe Alter zuhause oder wenn n\u00f6tig im Pflegeheim.<\/p>\n<p>&nbsp;<\/p>\n<h2>Behandlungskonzept<\/h2>\n<p>Unser Behandlungskonzept ist schulmedizinisch ausgerichtet, das bedeutet, dass wir nach Leitlinien arbeiten und unsere Behandlung durch wissenschaftliche Erkenntnisse abgesichert sein soll. Das bedeutet nicht, dass jeder Patient Medikamente ben\u00f6tigt. Oft helfen Ruhe und\/oder pflanzliche Pr\u00e4parate genauso gut weiter. Ein offenes Ohr und Zuspruch und manchmal auch psychotherapeutische Unterst\u00fctzung sind meistens wichtiger als Psychopharmaka. H\u00e4ufig unterst\u00fctzen nichtmedikament\u00f6se Therapien (z.B. Krankengymnastik, Funktionsgymnastik) oder die Beantragung einer Rehabilitationsbehandlung den Heilungsproze\u00df.[\/vc_column_text][\/vc_column][vc_column width=&#8220;1\/2&#8243;][vc_column_text]<\/p>\n<h2>Ganzheitlicher Ansatz und Kooperation<\/h2>\n<p>Wir versuchen, bei jedem Problem stets den ganzen Menschen\u00a0innerhalb seines famili\u00e4ren, beruflichen und sozialen Umfeldes mit einzubeziehen.<\/p>\n<p>Es ist uns wichtig, mit unseren fach\u00e4rztliche Kollegen und auch den Kliniken eng zusammen zu arbeiten, denn nur so kann der Erfolg einer Behandlung gew\u00e4hrleistet werden.<\/p>\n<p>Auf eine gute Zusammenarbeit mit den Pflegekr\u00e4ften der Sozialstationen und der Alten- und Pflegeheime legen wir ebenfalls Wert.<\/p>\n<p>&nbsp;<\/p>\n<h2>Unabh\u00e4ngigkeit<\/h2>\n<p>Wir versuchen, uns trotz aller \u00e4u\u00dferen Einfl\u00fcsse, unabh\u00e4ngig fort- und weiterzubilden. Pharmavertreter bekommen keine Redezeit in unserer Praxis. Wir bem\u00fchen uns, Schleichwerbung &#8211; so gut es geht &#8211; einzud\u00e4mmen.[\/vc_column_text][\/vc_column][\/vc_row]<\/p>\n","protected":false},"excerpt":{"rendered":"<p>[vc_row][vc_column width=&#8220;1\/1&#8243;][rev_slider_vc alias=&#8220;ziele&#8220;][\/vc_column][\/vc_row][vc_row bottom_padding=&#8220;80&#8243;][vc_column width=&#8220;1\/2&#8243;][vc_column_text] Unsere Patienten Wir \u00fcbernehmen unsere Patienten vom Kinderarzt entweder nach oder zur J1-Vorsorgeuntersuchung (12 Jahre) und betreuen sie bis ins hohe Alter zuhause oder wenn n\u00f6tig im Pflegeheim. &nbsp; Behandlungskonzept Unser Behandlungskonzept ist schulmedizinisch ausgerichtet, das bedeutet, dass wir nach Leitlinien arbeiten und unsere Behandlung durch wissenschaftliche Erkenntnisse abgesichert sein soll. Das bedeutet nicht, dass jeder Patient Medikamente ben\u00f6tigt. Oft helfen Ruhe und\/oder pflanzliche Pr\u00e4parate genauso gut weiter. Ein offenes Ohr und Zuspruch und manchmal auch psychotherapeutische Unterst\u00fctzung sind meistens wichtiger als Psychopharmaka. H\u00e4ufig unterst\u00fctzen nichtmedikament\u00f6se Therapien (z.B. Krankengymnastik, Funktionsgymnastik) oder die Beantragung einer Rehabilitationsbehandlung den Heilungsproze\u00df.[\/vc_column_text][\/vc_column][vc_column width=&#8220;1\/2&#8243;][vc_column_text] Ganzheitlicher Ansatz und Kooperation Wir versuchen, bei jedem Problem stets den ganzen Menschen\u00a0innerhalb seines famili\u00e4ren, beruflichen und sozialen Umfeldes mit einzubeziehen. Es ist uns wichtig, mit unseren fach\u00e4rztliche Kollegen und auch den Kliniken eng zusammen zu arbeiten, denn nur so kann der Erfolg einer Behandlung gew\u00e4hrleistet werden. Auf eine gute Zusammenarbeit mit den Pflegekr\u00e4ften der Sozialstationen und der Alten- und Pflegeheime legen wir ebenfalls Wert. &nbsp; Unabh\u00e4ngigkeit Wir versuchen, uns trotz aller \u00e4u\u00dferen Einfl\u00fcsse, unabh\u00e4ngig fort- und weiterzubilden. Pharmavertreter bekommen keine Redezeit in unserer Praxis. Wir bem\u00fchen uns, Schleichwerbung &#8211; so gut es geht &#8211; einzud\u00e4mmen.[\/vc_column_text][\/vc_column][\/vc_row]<\/p>\n","protected":false},"author":1,"featured_media":0,"parent":8,"menu_order":0,"comment_status":"closed","ping_status":"closed","template":"","meta":{"footnotes":""},"class_list":["post-18","page","type-page","status-publish","hentry"],"aioseo_notices":[],"_links":{"self":[{"href":"https:\/\/hausarzt-stuttgart-rot.de\/lindemann\/wp-json\/wp\/v2\/pages\/18","targetHints":{"allow":["GET"]}}],"collection":[{"href":"https:\/\/hausarzt-stuttgart-rot.de\/lindemann\/wp-json\/wp\/v2\/pages"}],"about":[{"href":"https:\/\/hausarzt-stuttgart-rot.de\/lindemann\/wp-json\/wp\/v2\/types\/page"}],"author":[{"embeddable":true,"href":"https:\/\/hausarzt-stuttgart-rot.de\/lindemann\/wp-json\/wp\/v2\/users\/1"}],"replies":[{"embeddable":true,"href":"https:\/\/hausarzt-stuttgart-rot.de\/lindemann\/wp-json\/wp\/v2\/comments?post=18"}],"version-history":[{"count":23,"href":"https:\/\/hausarzt-stuttgart-rot.de\/lindemann\/wp-json\/wp\/v2\/pages\/18\/revisions"}],"predecessor-version":[{"id":689,"href":"https:\/\/hausarzt-stuttgart-rot.de\/lindemann\/wp-json\/wp\/v2\/pages\/18\/revisions\/689"}],"up":[{"embeddable":true,"href":"https:\/\/hausarzt-stuttgart-rot.de\/lindemann\/wp-json\/wp\/v2\/pages\/8"}],"wp:attachment":[{"href":"https:\/\/hausarzt-stuttgart-rot.de\/lindemann\/wp-json\/wp\/v2\/media?parent=18"}],"curies":[{"name":"wp","href":"https:\/\/api.w.org\/{rel}","templated":true}]}}