{"id":16,"date":"2015-11-17T09:54:19","date_gmt":"2015-11-17T08:54:19","guid":{"rendered":"http:\/\/hausarzt-stuttgart-rot.de\/lindemann\/?page_id=16"},"modified":"2021-04-16T19:17:47","modified_gmt":"2021-04-16T17:17:47","slug":"geschichte","status":"publish","type":"page","link":"https:\/\/hausarzt-stuttgart-rot.de\/lindemann\/ueber-uns\/geschichte\/","title":{"rendered":"Geschichte"},"content":{"rendered":"<p>[vc_row][vc_column width=&#8220;1\/1&#8243;][rev_slider_vc alias=&#8220;geschichte-carousel&#8220;]<h1 class=\"headline font-inherit fontsize-xxl fontweight-500 lh-inherit align-center transform-uppercase \" style=\"margin: 0 0 20px 0;\">Geschichte der Hausarztpraxis Stuttgart Rot<\/h1>[\/vc_column][\/vc_row][vc_row bottom_padding=&#8220;80&#8243;][vc_column width=&#8220;1\/2&#8243;][vc_column_text]Die Gemeinschaftspraxis von Frau Dr.\u00a0Beate Lindemann\u00a0 und Herrn Dr.\u00a0Michael K\u00f6rting ging zum 1. Mai 2016 hervor aus der Gemeinschaftspraxis von Dr.\u00a0Beate Lindemann und Frau Dr. Heidrun Halbgewachs-Breiden, die seit Oktober 2010 am Standort Haldenrainstra\u00dfe 181 bestand. \u00dcbergangsweise wurde die Praxis von Januar 2016 bis April 2016 von Frau Dr. Lindemann als Einzelpraxis gef\u00fchrt<\/p>\n<p>Davor war Frau Dr. Heidrun Halbgewachs-Breiden seit \u00fcber 30 Jahren im Stadtteil Stuttgart Rot in der Bretzfelderstr. 16 als Haus\u00e4rztin niedergelassen.[\/vc_column_text][\/vc_column][vc_column width=&#8220;1\/2&#8243;][vc_column_text]Wir teilen uns die R\u00e4umlichkeiten in der Haldenrainstra\u00dfe 181 als Praxisgemeinschaft mit der Hausarztpraxis Drs. med. Rieber\/Geis \/Sigloch.[\/vc_column_text][\/vc_column][\/vc_row]<\/p>\n","protected":false},"excerpt":{"rendered":"<p>[vc_row][vc_column width=&#8220;1\/1&#8243;][rev_slider_vc alias=&#8220;geschichte-carousel&#8220;][\/vc_column][\/vc_row][vc_row bottom_padding=&#8220;80&#8243;][vc_column width=&#8220;1\/2&#8243;][vc_column_text]Die Gemeinschaftspraxis von Frau Dr.\u00a0Beate Lindemann\u00a0 und Herrn Dr.\u00a0Michael K\u00f6rting ging zum 1. Mai 2016 hervor aus der Gemeinschaftspraxis von Dr.\u00a0Beate Lindemann und Frau Dr. Heidrun Halbgewachs-Breiden, die seit Oktober 2010 am Standort Haldenrainstra\u00dfe 181 bestand. \u00dcbergangsweise wurde die Praxis von Januar 2016 bis April 2016 von Frau Dr. Lindemann als Einzelpraxis gef\u00fchrt Davor war Frau Dr. Heidrun Halbgewachs-Breiden seit \u00fcber 30 Jahren im Stadtteil Stuttgart Rot in der Bretzfelderstr. 16 als Haus\u00e4rztin niedergelassen.[\/vc_column_text][\/vc_column][vc_column width=&#8220;1\/2&#8243;][vc_column_text]Wir teilen uns die R\u00e4umlichkeiten in der Haldenrainstra\u00dfe 181 als Praxisgemeinschaft mit der Hausarztpraxis Drs. med. Rieber\/Geis \/Sigloch.[\/vc_column_text][\/vc_column][\/vc_row]<\/p>\n","protected":false},"author":1,"featured_media":0,"parent":8,"menu_order":0,"comment_status":"closed","ping_status":"closed","template":"","meta":{"footnotes":""},"class_list":["post-16","page","type-page","status-publish","hentry"],"aioseo_notices":[],"_links":{"self":[{"href":"https:\/\/hausarzt-stuttgart-rot.de\/lindemann\/wp-json\/wp\/v2\/pages\/16","targetHints":{"allow":["GET"]}}],"collection":[{"href":"https:\/\/hausarzt-stuttgart-rot.de\/lindemann\/wp-json\/wp\/v2\/pages"}],"about":[{"href":"https:\/\/hausarzt-stuttgart-rot.de\/lindemann\/wp-json\/wp\/v2\/types\/page"}],"author":[{"embeddable":true,"href":"https:\/\/hausarzt-stuttgart-rot.de\/lindemann\/wp-json\/wp\/v2\/users\/1"}],"replies":[{"embeddable":true,"href":"https:\/\/hausarzt-stuttgart-rot.de\/lindemann\/wp-json\/wp\/v2\/comments?post=16"}],"version-history":[{"count":35,"href":"https:\/\/hausarzt-stuttgart-rot.de\/lindemann\/wp-json\/wp\/v2\/pages\/16\/revisions"}],"predecessor-version":[{"id":1345,"href":"https:\/\/hausarzt-stuttgart-rot.de\/lindemann\/wp-json\/wp\/v2\/pages\/16\/revisions\/1345"}],"up":[{"embeddable":true,"href":"https:\/\/hausarzt-stuttgart-rot.de\/lindemann\/wp-json\/wp\/v2\/pages\/8"}],"wp:attachment":[{"href":"https:\/\/hausarzt-stuttgart-rot.de\/lindemann\/wp-json\/wp\/v2\/media?parent=16"}],"curies":[{"name":"wp","href":"https:\/\/api.w.org\/{rel}","templated":true}]}}