{"id":136,"date":"2015-11-20T13:18:02","date_gmt":"2015-11-20T12:18:02","guid":{"rendered":"http:\/\/hausarzt-stuttgart-rot.de\/lindemann\/?page_id=136"},"modified":"2018-11-16T08:25:37","modified_gmt":"2018-11-16T07:25:37","slug":"im-notfall","status":"publish","type":"page","link":"https:\/\/hausarzt-stuttgart-rot.de\/lindemann\/service\/im-notfall\/","title":{"rendered":"Im Notfall"},"content":{"rendered":"<p>[vc_row][vc_column width=&#8220;1\/1&#8243;]<h1 class=\"headline font-inherit fontsize-xxl fontweight-500 lh-inherit align-center transform-uppercase \" style=\"margin: 0 0 20px 0;\">Im Notfall<\/h1>[\/vc_column][\/vc_row][vc_row][vc_column width=&#8220;2\/3&#8243;][vc_column_text]<\/p>\n<h2>Bei <strong>akuten Notf\u00e4llen<\/strong><\/h2>\n<p>Bei Bewusstlosigkeit, m\u00f6glichem Herzinfarkt, Schlaganfall oder Unf\u00e4llen rufen Sie bitte sofort <strong>den Notarzt bzw. den Rettungsdienst<\/strong> unter <strong>112.<\/strong><\/p>\n<p>&nbsp;<\/p>\n<h2>Abends nach 19 Uhr, freitags ab 14 Uhr und an Wochenenden und Feiertagen<\/h2>\n<p>ist der <strong>\u00c4rztliche Bereitschaftsdienst der niedergelassenen \u00c4rzte<\/strong> zust\u00e4ndig.<\/p>\n<p>Wenn m\u00f6glich, kommen Sie in die <a href=\"http:\/\/www.notfallpraxis-stuttgart.de\/\" target=\"_blank\" rel=\"noopener\">Notfallpraxis im Marienhospital<\/a>.<\/p>\n<p>F\u00fcr nicht gehf\u00e4hige Patienten k\u00f6nnen unter <strong>0711 &#8211; 116 117<\/strong> Hausbesuche angefordert werden (Freitags ab 19 Uhr).<\/p>\n<p>&nbsp;<\/p>\n<h2>In anderen <strong>dringenden F\u00e4llen<\/strong> gilt:<\/h2>\n<p>W\u00e4hrend der Sprechzeiten versuchen Sie, uns unter unserer Praxisnummer zu erreichen, unsere Helferinnen werden das weitere Vorgehen koordinieren.<\/p>\n<p><strong>Praxis 0711 &#8211; 87 13 94<\/strong><\/p>\n<p>Nur in dringenden F\u00e4llen k\u00f6nnen sie uns zwischen 12 und 15 Uhr (Freitags 12-14 Uhr) auch unter 0160-7811726 erreichen[\/vc_column_text][\/vc_column][vc_column width=&#8220;1\/3&#8243;]<div class=\"single_image wpb_content_element align-left    \" data-animation=\"none\" data-delay=\"0\"><img loading=\"lazy\" decoding=\"async\" width=\"600\" height=\"400\" src=\"https:\/\/hausarzt-stuttgart-rot.de\/lindemann\/wp-content\/uploads\/sites\/2\/2015\/11\/leistungen-hausarzt-blutdruck.jpg\" class=\"attachment-full\" alt=\"Hausarzt Blutdruckmessung Langzeitblutdruckmessung\" srcset=\"https:\/\/hausarzt-stuttgart-rot.de\/lindemann\/wp-content\/uploads\/sites\/2\/2015\/11\/leistungen-hausarzt-blutdruck.jpg 600w, https:\/\/hausarzt-stuttgart-rot.de\/lindemann\/wp-content\/uploads\/sites\/2\/2015\/11\/leistungen-hausarzt-blutdruck-300x200.jpg 300w\" sizes=\"auto, (max-width: 600px) 100vw, 600px\" \/><\/div>[vc_column_text el_class=&#8220;leistungen&#8220;]<\/p>\n<h2><strong>Weitere Notrufnummern<\/strong><\/h2>\n<ul>\n<li>Augen\u00e4rztlicher Notfalldienst 01806 &#8211; 07 11 22<\/li>\n<li>Kinder\u00e4rztlicher Notfalldienst 01806 &#8211; 07 11 12<\/li>\n<li>Psychiatrischer Notfalldienst 116 117<\/li>\n<li>Zahn\u00e4rztlicher Notfalldienst 0711 &#8211; 7 87 77 11<\/li>\n<li>Giftnotrufzentrale 0761 &#8211; 1 92 40<\/li>\n<li><a href=\"https:\/\/lak-bw.notdienst-portal.de\" target=\"_blank\" rel=\"noopener\">Apothekennotdienst<\/a> 0800 &#8211; 002 28 33<\/li>\n<li>Krankentransporte 0711 &#8211; 19 222<\/li>\n<\/ul>\n<p>[\/vc_column_text][\/vc_column][\/vc_row]<\/p>\n","protected":false},"excerpt":{"rendered":"<p>[vc_row][vc_column width=&#8220;1\/1&#8243;][\/vc_column][\/vc_row][vc_row][vc_column width=&#8220;2\/3&#8243;][vc_column_text] Bei akuten Notf\u00e4llen Bei Bewusstlosigkeit, m\u00f6glichem Herzinfarkt, Schlaganfall oder Unf\u00e4llen rufen Sie bitte sofort den Notarzt bzw. den Rettungsdienst unter 112. &nbsp; Abends nach 19 Uhr, freitags ab 14 Uhr und an Wochenenden und Feiertagen ist der \u00c4rztliche Bereitschaftsdienst der niedergelassenen \u00c4rzte zust\u00e4ndig. Wenn m\u00f6glich, kommen Sie in die Notfallpraxis im Marienhospital. F\u00fcr nicht gehf\u00e4hige Patienten k\u00f6nnen unter 0711 &#8211; 116 117 Hausbesuche angefordert werden (Freitags ab 19 Uhr). &nbsp; In anderen dringenden F\u00e4llen gilt: W\u00e4hrend der Sprechzeiten versuchen Sie, uns unter unserer Praxisnummer zu erreichen, unsere Helferinnen werden das weitere Vorgehen koordinieren. Praxis 0711 &#8211; 87 13 94 Nur in dringenden F\u00e4llen k\u00f6nnen sie uns zwischen 12 und 15 Uhr (Freitags 12-14 Uhr) auch unter 0160-7811726 erreichen[\/vc_column_text][\/vc_column][vc_column width=&#8220;1\/3&#8243;][vc_column_text el_class=&#8220;leistungen&#8220;] Weitere Notrufnummern Augen\u00e4rztlicher Notfalldienst 01806 &#8211; 07 11 22 Kinder\u00e4rztlicher Notfalldienst 01806 &#8211; 07 11 12 Psychiatrischer Notfalldienst 116 117 Zahn\u00e4rztlicher Notfalldienst 0711 &#8211; 7 87 77 11 Giftnotrufzentrale 0761 &#8211; 1 92 40 Apothekennotdienst 0800 &#8211; 002 28 33 Krankentransporte 0711 &#8211; 19 222 [\/vc_column_text][\/vc_column][\/vc_row]<\/p>\n","protected":false},"author":1,"featured_media":0,"parent":14,"menu_order":0,"comment_status":"closed","ping_status":"closed","template":"","meta":{"footnotes":""},"class_list":["post-136","page","type-page","status-publish","hentry"],"aioseo_notices":[],"_links":{"self":[{"href":"https:\/\/hausarzt-stuttgart-rot.de\/lindemann\/wp-json\/wp\/v2\/pages\/136","targetHints":{"allow":["GET"]}}],"collection":[{"href":"https:\/\/hausarzt-stuttgart-rot.de\/lindemann\/wp-json\/wp\/v2\/pages"}],"about":[{"href":"https:\/\/hausarzt-stuttgart-rot.de\/lindemann\/wp-json\/wp\/v2\/types\/page"}],"author":[{"embeddable":true,"href":"https:\/\/hausarzt-stuttgart-rot.de\/lindemann\/wp-json\/wp\/v2\/users\/1"}],"replies":[{"embeddable":true,"href":"https:\/\/hausarzt-stuttgart-rot.de\/lindemann\/wp-json\/wp\/v2\/comments?post=136"}],"version-history":[{"count":33,"href":"https:\/\/hausarzt-stuttgart-rot.de\/lindemann\/wp-json\/wp\/v2\/pages\/136\/revisions"}],"predecessor-version":[{"id":1039,"href":"https:\/\/hausarzt-stuttgart-rot.de\/lindemann\/wp-json\/wp\/v2\/pages\/136\/revisions\/1039"}],"up":[{"embeddable":true,"href":"https:\/\/hausarzt-stuttgart-rot.de\/lindemann\/wp-json\/wp\/v2\/pages\/14"}],"wp:attachment":[{"href":"https:\/\/hausarzt-stuttgart-rot.de\/lindemann\/wp-json\/wp\/v2\/media?parent=136"}],"curies":[{"name":"wp","href":"https:\/\/api.w.org\/{rel}","templated":true}]}}