{"id":12,"date":"2015-11-17T09:53:37","date_gmt":"2015-11-17T08:53:37","guid":{"rendered":"http:\/\/hausarzt-stuttgart-rot.de\/lindemann\/?page_id=12"},"modified":"2026-03-23T09:52:12","modified_gmt":"2026-03-23T08:52:12","slug":"leistungen","status":"publish","type":"page","link":"https:\/\/hausarzt-stuttgart-rot.de\/lindemann\/leistungen\/","title":{"rendered":"Leistungen"},"content":{"rendered":"<p>[vc_row][vc_column width=&#8220;1\/1&#8243;]<h1 class=\"headline font-inherit fontsize-xxl fontweight-500 lh-14 align-center transform-uppercase \" style=\"margin: 0 0 50px 0;\">Wir bieten das gesamte Spektrum der haus\u00e4rztlich-internistischen Versorgung an <\/h1>[\/vc_column][\/vc_row][vc_row bottom_padding=&#8220;80&#8243;][vc_column width=&#8220;1\/3&#8243;]<h2 class=\"headline font-inherit fontsize-l fontweight-500 lh-inherit align-left transform-inherit \" style=\"margin: 0 0 20px 0;\">Generelle Leistungen<\/h2><div class=\"divider divider5\" style='margin:0 0 0 0 !important;'><\/div>[\/vc_column][vc_column width=&#8220;1\/3&#8243;][vc_column_text el_class=&#8220;leistungen&#8220;]<\/p>\n<ul>\n<li>Behandlung und Abkl\u00e4rung akuter Krankheitsbilder<\/li>\n<li>Betreuung chronisch Kranker auch im Rahmen von sog. Chronikerprogrammen (DMP) f\u00fcr Diabetes mellitus Typ2 , koronare Herzerkrankung und Asthma\/COPD<\/li>\n<li>Hausbesuche bei schwerkranken oder gehbehinderten Patienten (nicht prim\u00e4r f\u00fcr Neupatienten)<\/li>\n<\/ul>\n<p>[\/vc_column_text][\/vc_column][vc_column width=&#8220;1\/3&#8243;][vc_column_text el_class=&#8220;leistungen&#8220;]<\/p>\n<ul>\n<li>Regelm\u00e4\u00dfige Visiten in den nahe liegenden Alten- und Pflegeheimen<\/li>\n<li>Pr\u00e4operative Untersuchungen<\/li>\n<li>Psychosomatische Grundversorgung<\/li>\n<li>Palliative Therapie und Zusammenarbeit mit speziellen Palliativteams<\/li>\n<li><a href=\"https:\/\/hausarzt-stuttgart-rot.de\/lindemann\/leistungen\/hausarztzentrierte-versorgung\/\">Hausarztprogramme (HZV) f\u00fcr fast alle Krankenkassen<\/a><\/li>\n<\/ul>\n<p>[\/vc_column_text][\/vc_column][\/vc_row][vc_row bottom_padding=&#8220;80&#8243;][vc_column width=&#8220;1\/3&#8243;]<h2 class=\"headline font-inherit fontsize-l fontweight-500 lh-13 align-left transform-inherit \" style=\"margin: 0 0 20px 0;\">Diagnostik und apparative Untersuchungen<\/h2><div class=\"divider divider5\" style='margin:0 0 0 0 !important;'><\/div>[\/vc_column][vc_column width=&#8220;1\/3&#8243;][vc_column_text el_class=&#8220;leistungen&#8220;]<\/p>\n<ul>\n<li>Labor- und Urinuntersuchungen<\/li>\n<li>EKG und Langzeit-EKG<\/li>\n<li>Lungenfunktionsmessung und Oxymetrie<\/li>\n<li>Langzeitblutdruckmessung<\/li>\n<li>Ultraschall (Sonographie) der Bauchorgane, der Schilddr\u00fcse und der Beinvenen<\/li>\n<li>Doppleruntersuchungen der hirnzuf\u00fchrenden Gef\u00e4\u00dfe<\/li>\n<li>Geriatrisches Assessment mit Demenzscreening ab 70. Lebensjahr<\/li>\n<\/ul>\n<p>[\/vc_column_text][\/vc_column][vc_column width=&#8220;1\/3&#8243;]<div class=\"flexslider wpb_content_element\"><ul class=\"slides\"><li><img decoding=\"async\" src=\"https:\/\/hausarzt-stuttgart-rot.de\/lindemann\/wp-content\/uploads\/sites\/2\/2015\/11\/hausarzt-praxis-stuttgart.jpg\" alt=\"HausarztpraxisStuttgart - Arzt und Mitarbeiterin im Gespr\u00e4ch\" \/><\/li><li><img decoding=\"async\" src=\"https:\/\/hausarzt-stuttgart-rot.de\/lindemann\/wp-content\/uploads\/sites\/2\/2015\/11\/arztpraxis-lindemann-stuttgart.jpg\" alt=\"Arztpraxis Dr. Lindemann Stuttgart\" \/><\/li><li><img decoding=\"async\" src=\"https:\/\/hausarzt-stuttgart-rot.de\/lindemann\/wp-content\/uploads\/sites\/2\/2015\/11\/hausarzt-ultraschall-songraphie.jpg\" alt=\"Hausarzt Ultraschall Sonographie der Bauchorgane\" \/><\/li><li><img decoding=\"async\" src=\"https:\/\/hausarzt-stuttgart-rot.de\/lindemann\/wp-content\/uploads\/sites\/2\/2015\/11\/hausarzt-leistungen.jpg\" alt=\"Hausarzt Blutdruck messen Langzeitblutdruckmessung\" \/><\/li><li><img decoding=\"async\" src=\"https:\/\/hausarzt-stuttgart-rot.de\/lindemann\/wp-content\/uploads\/sites\/2\/2015\/11\/hausarzt-blutabnahme.jpg\" alt=\"Hausarzt Blutabnahme Gesundheits-Check ab 35. Lebensjahr\" \/><\/li><\/ul><\/div>[\/vc_column][\/vc_row][vc_row bottom_padding=&#8220;80&#8243;][vc_column width=&#8220;1\/3&#8243;]<h2 class=\"headline font-inherit fontsize-l fontweight-500 lh-13 align-left transform-inherit \" style=\"margin: 0 0 20px 0;\">Vorsorgen<\/h2><div class=\"divider divider5\" style='margin:0 0 0 0 !important;'><\/div>[\/vc_column][vc_column width=&#8220;1\/3&#8243;][vc_column_text el_class=&#8220;leistungen&#8220;]<\/p>\n<ul>\n<li>Gesundheits-Check ab 35. Lebensjahr<\/li>\n<li>Hautkrebs-Screening ab 35. Lebensjahr<\/li>\n<li>Impfungen<\/li>\n<\/ul>\n<p>[\/vc_column_text][\/vc_column][vc_column width=&#8220;1\/3&#8243;][vc_column_text el_class=&#8220;leistungen&#8220;]<\/p>\n<ul>\n<li>Jugendarbeitsschutz-Untersuchung<\/li>\n<li>Jugendgesundheits-Untersuchung J1<\/li>\n<li>Krebsnachsorge (in Zusammenarbeit mit dem Facharzt)<\/li>\n<\/ul>\n<p>[\/vc_column_text][\/vc_column][\/vc_row][vc_row bottom_padding=&#8220;80&#8243;][vc_column width=&#8220;1\/3&#8243;]<h2 class=\"headline font-inherit fontsize-l fontweight-500 lh-13 align-left transform-inherit \" style=\"margin: 0 0 20px 0;\">Kostenpflichtige Leistungen<\/h2><div class=\"divider divider5\" style='margin:0 0 0 0 !important;'><\/div>[\/vc_column][vc_column width=&#8220;2\/3&#8243;][vc_column_text]Wir f\u00fchren nicht regelhaft so genannte IGEL-Leistungen durch. Nur in seltenen F\u00e4llen empfehlen wir Behandlungen, die nicht von den gesetzlichen Kassen \u00fcbernommen werden. Sie werden dann vor der Behandlung \u00fcber die anfallenden Kosten informiert.<\/p>\n<p>Die Kosten f\u00fcr Atteste jeglicher Art werden von den Krankenkassen grunds\u00e4tzlich nicht \u00fcbernommen. Daher ist die Attestausstellung immer kostenpflichtig.<br \/>\nDies gilt auch f\u00fcr medizinische Reiseberatungen und Reiseimpfungen, sowie f\u00fcr ausf\u00fchrlichere Beratungen zur Patientenverf\u00fcgung.[\/vc_column_text][\/vc_column][\/vc_row]<\/p>\n","protected":false},"excerpt":{"rendered":"<p>[vc_row][vc_column width=&#8220;1\/1&#8243;][\/vc_column][\/vc_row][vc_row bottom_padding=&#8220;80&#8243;][vc_column width=&#8220;1\/3&#8243;][\/vc_column][vc_column width=&#8220;1\/3&#8243;][vc_column_text el_class=&#8220;leistungen&#8220;] Behandlung und Abkl\u00e4rung akuter Krankheitsbilder Betreuung chronisch Kranker auch im Rahmen von sog. Chronikerprogrammen (DMP) f\u00fcr Diabetes mellitus Typ2 , koronare Herzerkrankung und Asthma\/COPD Hausbesuche bei schwerkranken oder gehbehinderten Patienten (nicht prim\u00e4r f\u00fcr Neupatienten) [\/vc_column_text][\/vc_column][vc_column width=&#8220;1\/3&#8243;][vc_column_text el_class=&#8220;leistungen&#8220;] Regelm\u00e4\u00dfige Visiten in den nahe liegenden Alten- und Pflegeheimen Pr\u00e4operative Untersuchungen Psychosomatische Grundversorgung Palliative Therapie und Zusammenarbeit mit speziellen Palliativteams Hausarztprogramme (HZV) f\u00fcr fast alle Krankenkassen [\/vc_column_text][\/vc_column][\/vc_row][vc_row bottom_padding=&#8220;80&#8243;][vc_column width=&#8220;1\/3&#8243;][\/vc_column][vc_column width=&#8220;1\/3&#8243;][vc_column_text el_class=&#8220;leistungen&#8220;] Labor- und Urinuntersuchungen EKG und Langzeit-EKG Lungenfunktionsmessung und Oxymetrie Langzeitblutdruckmessung Ultraschall (Sonographie) der Bauchorgane, der Schilddr\u00fcse und der Beinvenen Doppleruntersuchungen der hirnzuf\u00fchrenden Gef\u00e4\u00dfe Geriatrisches Assessment mit Demenzscreening ab 70. Lebensjahr [\/vc_column_text][\/vc_column][vc_column width=&#8220;1\/3&#8243;][\/vc_column][\/vc_row][vc_row bottom_padding=&#8220;80&#8243;][vc_column width=&#8220;1\/3&#8243;][\/vc_column][vc_column width=&#8220;1\/3&#8243;][vc_column_text el_class=&#8220;leistungen&#8220;] Gesundheits-Check ab 35. Lebensjahr Hautkrebs-Screening ab 35. Lebensjahr Impfungen [\/vc_column_text][\/vc_column][vc_column width=&#8220;1\/3&#8243;][vc_column_text el_class=&#8220;leistungen&#8220;] Jugendarbeitsschutz-Untersuchung Jugendgesundheits-Untersuchung J1 Krebsnachsorge (in Zusammenarbeit mit dem Facharzt) [\/vc_column_text][\/vc_column][\/vc_row][vc_row bottom_padding=&#8220;80&#8243;][vc_column width=&#8220;1\/3&#8243;][\/vc_column][vc_column width=&#8220;2\/3&#8243;][vc_column_text]Wir f\u00fchren nicht regelhaft so genannte IGEL-Leistungen durch. Nur in seltenen F\u00e4llen empfehlen wir Behandlungen, die nicht von den gesetzlichen Kassen \u00fcbernommen werden. Sie werden dann vor der Behandlung \u00fcber die anfallenden Kosten informiert. Die Kosten f\u00fcr Atteste jeglicher Art werden von den Krankenkassen grunds\u00e4tzlich nicht \u00fcbernommen. Daher ist die Attestausstellung immer kostenpflichtig. Dies gilt auch f\u00fcr medizinische Reiseberatungen und Reiseimpfungen, sowie f\u00fcr ausf\u00fchrlichere Beratungen zur [&hellip;]<\/p>\n","protected":false},"author":1,"featured_media":0,"parent":0,"menu_order":0,"comment_status":"closed","ping_status":"closed","template":"","meta":{"footnotes":""},"class_list":["post-12","page","type-page","status-publish","hentry"],"aioseo_notices":[],"_links":{"self":[{"href":"https:\/\/hausarzt-stuttgart-rot.de\/lindemann\/wp-json\/wp\/v2\/pages\/12","targetHints":{"allow":["GET"]}}],"collection":[{"href":"https:\/\/hausarzt-stuttgart-rot.de\/lindemann\/wp-json\/wp\/v2\/pages"}],"about":[{"href":"https:\/\/hausarzt-stuttgart-rot.de\/lindemann\/wp-json\/wp\/v2\/types\/page"}],"author":[{"embeddable":true,"href":"https:\/\/hausarzt-stuttgart-rot.de\/lindemann\/wp-json\/wp\/v2\/users\/1"}],"replies":[{"embeddable":true,"href":"https:\/\/hausarzt-stuttgart-rot.de\/lindemann\/wp-json\/wp\/v2\/comments?post=12"}],"version-history":[{"count":54,"href":"https:\/\/hausarzt-stuttgart-rot.de\/lindemann\/wp-json\/wp\/v2\/pages\/12\/revisions"}],"predecessor-version":[{"id":2024,"href":"https:\/\/hausarzt-stuttgart-rot.de\/lindemann\/wp-json\/wp\/v2\/pages\/12\/revisions\/2024"}],"wp:attachment":[{"href":"https:\/\/hausarzt-stuttgart-rot.de\/lindemann\/wp-json\/wp\/v2\/media?parent=12"}],"curies":[{"name":"wp","href":"https:\/\/api.w.org\/{rel}","templated":true}]}}