{"id":8859,"date":"2026-03-10T10:37:50","date_gmt":"2026-03-10T09:37:50","guid":{"rendered":"https:\/\/hausarzt-stuttgart-rot.de\/geis\/?page_id=8859"},"modified":"2026-03-10T10:39:35","modified_gmt":"2026-03-10T09:39:35","slug":"barrierefreiheitserklaerung","status":"publish","type":"page","link":"https:\/\/hausarzt-stuttgart-rot.de\/geis\/barrierefreiheitserklaerung\/","title":{"rendered":"Barrierefreiheitserkl\u00e4rung"},"content":{"rendered":"<p>[vc_row][vc_column width=&#8220;1\/1&#8243;]<h1 class=\"headline font-inherit fontsize-xxl fontweight-500 lh-14 align-center transform-uppercase \" style=\"margin: 0 0 20px 0;\">Barrierefreiheitserkl\u00e4rung<\/h1>[vc_column_text]Wir m\u00f6chten, dass alle Menschen unsere Webseite problemlos nutzen k\u00f6nnen \u2013 unabh\u00e4ngig von Einschr\u00e4nkungen. Deshalb haben wir die Seite weitestgehend barrierefrei gestaltet.<\/p>\n<p><strong>Unsere Ma\u00dfnahmen:<\/strong><\/p>\n<ul>\n<li>Klare und \u00fcbersichtliche Seitenstruktur sowie einfache Navigation<\/li>\n<li>Gute Lesbarkeit durch ausreichende Farbkontraste<\/li>\n<li>Tastaturbedienung und alternative Texte f\u00fcr Bilder<\/li>\n<li>Optimierung f\u00fcr verschiedene Bildschirmgr\u00f6\u00dfen (Smartphone, Tablet, Desktop)<\/li>\n<li>Einsatz eines Barrierefreiheits-Moduls zur Unterst\u00fctzung der Nutzung<\/li>\n<\/ul>\n<p><strong>Hinweis:<\/strong> Barrierefreie PDFs sind derzeit noch nicht verf\u00fcgbar.<\/p>\n<p><strong>Wir helfen Ihnen gerne:<\/strong><br \/>\nSollten Sie Unterst\u00fctzung beim Zugriff auf Inhalte oder beim Ausf\u00fcllen von Formularen ben\u00f6tigen, stehen wir Ihnen jederzeit zur Seite.<\/p>\n<p><strong>Kontakt:<\/strong><br \/>\nE-Mail: <a title=\"dr.rieber@docpost.de\" href=\"mailto:dr.rieber@docpost.de\">dr.rieber@docpost.de<\/a><\/p>\n<p>Wir \u00fcberpr\u00fcfen unsere Webseite regelm\u00e4\u00dfig und verbessern die Barrierefreiheit kontinuierlich.<\/p>\n<p>[\/vc_column_text][\/vc_column][\/vc_row]<\/p>\n","protected":false},"excerpt":{"rendered":"<p>[vc_row][vc_column width=&#8220;1\/1&#8243;][vc_column_text]Wir m\u00f6chten, dass alle Menschen unsere Webseite problemlos nutzen k\u00f6nnen \u2013 unabh\u00e4ngig von Einschr\u00e4nkungen. Deshalb haben wir die Seite weitestgehend barrierefrei gestaltet. Unsere Ma\u00dfnahmen: Klare und \u00fcbersichtliche Seitenstruktur sowie einfache Navigation Gute Lesbarkeit durch ausreichende Farbkontraste Tastaturbedienung und alternative Texte f\u00fcr Bilder Optimierung f\u00fcr verschiedene Bildschirmgr\u00f6\u00dfen (Smartphone, Tablet, Desktop) Einsatz eines Barrierefreiheits-Moduls zur Unterst\u00fctzung der Nutzung Hinweis: Barrierefreie PDFs sind derzeit noch nicht verf\u00fcgbar. Wir helfen Ihnen gerne: Sollten Sie Unterst\u00fctzung beim Zugriff auf Inhalte oder beim Ausf\u00fcllen von Formularen ben\u00f6tigen, stehen wir Ihnen jederzeit zur Seite. Kontakt: E-Mail: dr.rieber@docpost.de Wir \u00fcberpr\u00fcfen unsere Webseite regelm\u00e4\u00dfig und verbessern die Barrierefreiheit kontinuierlich. [\/vc_column_text][\/vc_column][\/vc_row]<\/p>\n","protected":false},"author":1,"featured_media":0,"parent":0,"menu_order":0,"comment_status":"closed","ping_status":"closed","template":"","meta":{"footnotes":""},"class_list":["post-8859","page","type-page","status-publish","hentry"],"aioseo_notices":[],"_links":{"self":[{"href":"https:\/\/hausarzt-stuttgart-rot.de\/geis\/wp-json\/wp\/v2\/pages\/8859","targetHints":{"allow":["GET"]}}],"collection":[{"href":"https:\/\/hausarzt-stuttgart-rot.de\/geis\/wp-json\/wp\/v2\/pages"}],"about":[{"href":"https:\/\/hausarzt-stuttgart-rot.de\/geis\/wp-json\/wp\/v2\/types\/page"}],"author":[{"embeddable":true,"href":"https:\/\/hausarzt-stuttgart-rot.de\/geis\/wp-json\/wp\/v2\/users\/1"}],"replies":[{"embeddable":true,"href":"https:\/\/hausarzt-stuttgart-rot.de\/geis\/wp-json\/wp\/v2\/comments?post=8859"}],"version-history":[{"count":1,"href":"https:\/\/hausarzt-stuttgart-rot.de\/geis\/wp-json\/wp\/v2\/pages\/8859\/revisions"}],"predecessor-version":[{"id":8860,"href":"https:\/\/hausarzt-stuttgart-rot.de\/geis\/wp-json\/wp\/v2\/pages\/8859\/revisions\/8860"}],"wp:attachment":[{"href":"https:\/\/hausarzt-stuttgart-rot.de\/geis\/wp-json\/wp\/v2\/media?parent=8859"}],"curies":[{"name":"wp","href":"https:\/\/api.w.org\/{rel}","templated":true}]}}