{"id":21,"date":"2015-11-17T10:05:56","date_gmt":"2015-11-17T09:05:56","guid":{"rendered":"http:\/\/hausarzt-stuttgart-rot.de\/geis\/?page_id=21"},"modified":"2020-10-21T23:37:28","modified_gmt":"2020-10-21T21:37:28","slug":"datenschutz","status":"publish","type":"page","link":"https:\/\/hausarzt-stuttgart-rot.de\/geis\/datenschutz\/","title":{"rendered":"Datenschutz"},"content":{"rendered":"<p>[vc_row bottom_padding=&#8220;80&#8243;][vc_column width=&#8220;1\/1&#8243;]<h1 class=\"headline font-inherit fontsize-xxl fontweight-500 lh-14 align-center transform-uppercase \" style=\"margin: 0 0 50px 0;\">Erkl\u00e4rung zum Datenschutz<\/h1>[\/vc_column][vc_column width=&#8220;1\/2&#8243;][vc_column_text]<\/p>\n<h2>Datenschutzerkl\u00e4rung<\/h2>\n<p>Stand14.05.2018<strong><br \/>\n<\/strong><\/p>\n<p>Mit dieser Erkl\u00e4rung geben wir Ihnen einen \u00dcberblick, wie bei der Nutzung unserer Internetseiten Daten zu Ihrer Person erhoben und verarbeitet werden.<\/p>\n<p><strong>Verantwortlicher f\u00fcr die Verarbeitung<\/strong><\/p>\n<p>Dr. med. Fabian Rieber<br \/>\nHaldenrainstra\u00dfe 181<br \/>\n70437 Stuttgart<\/p>\n<p>Telefon: 0711 \u2013 87 12 00<br \/>\nFax: 0711 \u2013 <span class=\"fax\">84 06 30<\/span><br \/>\nE-Mail: <a title=\"info@praxis-hellwig-geiling.de\" href=\"mailto:geis@hausarzt-stuttgart-rot.de\">dr.rieber@docpost.de<\/a><\/p>\n<p><strong>Was sind personenbezogene Daten<\/strong><\/p>\n<p>Personenbezogene Daten sind alle Informationen, die sich auf eine identifizierte oder identifizierbare nat\u00fcrliche Person beziehen. Entscheidend ist also, ob durch die erhobenen Daten ein Personenbezug hergestellt werden kann. Dar\u00adun\u00adter fal\u00adlen In\u00adfor\u00adma\u00adtio\u00adnen wie z.B. Ihr Name, Ihre An\u00adschrift, Ihre Te\u00adle\u00adfon\u00adnum\u00admer, Mailadresse. In\u00adfor\u00adma\u00adtio\u00adnen, die nicht di\u00adrekt mit Ihrer wirk\u00adli\u00adchen Iden\u00adti\u00adt\u00e4t in Ver\u00adbin\u00addung ge\u00adbracht wer\u00adden \u2013 wie z.B. fa\u00advo\u00adri\u00adsier\u00adte Web\u00adsei\u00adten oder An\u00adzahl der Nut\u00adzer einer Seite \u2013 sind keine per\u00adso\u00adnen\u00adbe\u00adzo\u00adge\u00adnen Daten.<\/p>\n<p><strong>Wie erheben und verarbeiten wir Daten zu Ihrer Person<\/strong><\/p>\n<p>Wenn Sie un\u00adse\u00adre Web\u00adsei\u00adten be\u00adsu\u00adchen, spei\u00adchern un\u00adse\u00adre Web\u00adser\u00adver stan\u00addard\u00adm\u00e4\u00ad\u00dfig zum Zweck der Sys\u00adtem\u00adsi\u00adcher\u00adheit tem\u00adpo\u00adr\u00e4r die Ver\u00adbin\u00addungs\u00adda\u00adten des an\u00adfra\u00adgen\u00adden Rech\u00adners, die Web\u00adsei\u00adten, die Sie bei uns be\u00adsu\u00adchen, das Datum und die Dauer des Be\u00adsu\u00adches, die Er\u00adken\u00adnungs\u00adda\u00adten des ver\u00adwen\u00adde\u00adten Brow\u00adser- und Be\u00adtriebs\u00adsys\u00adtem-Typs sowie die Web\u00adsei\u00adte, von der aus Sie uns be\u00adsu\u00adchen. Dar\u00ad\u00fcber hin\u00adaus\u00adge\u00adhen\u00adde per\u00adsonen\u00adbe\u00adzo\u00adge\u00adne An\u00adga\u00adben wie Ihr Name, Ihre An\u00adschrift, Te\u00adle\u00adfon\u00adnum\u00admer oder E-Mail-Adres\u00adse wer\u00adden nicht er\u00adfasst, es sei denn, diese An\u00adga\u00adben wer\u00adden von Ihnen frei\u00adwil\u00adlig ge\u00admacht, z.B. im Rah\u00admen einer Re\u00adgis\u00adtrie\u00adrung, einer Um\u00adfra\u00adge, eines Preis\u00adaus\u00adschrei\u00adbens, zur Durch\u00adf\u00fch\u00adrung eines Ver\u00adtra\u00adges oder einer In\u00adfor\u00adma\u00adti\u00adons\u00adan\u00adfra\u00adge.<\/p>\n<p><strong>Wie nutzen wir Daten zu Ihrer Person, wie geben wir sie weiter<\/strong><\/p>\n<p>Sofern innerhalb des Internetangebotes die M\u00f6glichkeit zur Eingabe pers\u00f6nlicher oder gesch\u00e4ftlicher Daten (E-Mail-Adressen, Namen, Anschriften) besteht, so erfolgt die Preisgabe dieser Daten seitens des Nutzers auf ausdr\u00fccklich freiwilliger Basis. E-Mails werden \u00fcber ein Kontakt-Formular \u00fcbermittelt. Wenn Sie uns eine solche Nachricht zuschicken, werden Ihre pers\u00f6nlichen Daten nur insoweit gesammelt, als es f\u00fcr eine Antwort erforderlich ist. Die E-Mail wird unverschl\u00fcsselt \u00fcbermittelt.<\/p>\n<p>Die von Ihnen zur Ver\u00adf\u00fc\u00adgung ge\u00adstell\u00adten per\u00adso\u00adnen\u00adbe\u00adzo\u00adge\u00adnen Daten ver\u00adwen\u00adden wir aus\u00adschlie\u00ad\u00df\u00adlich zum Zweck der tech\u00adni\u00adschen Ad\u00admi\u00adnis\u00adtra\u00adti\u00adon der Web\u00adsei\u00adten und zur Er\u00adf\u00fcl\u00adlung Ihrer W\u00fcn\u00adsche und An\u00adfor\u00adde\u00adrun\u00adgen, also in der Regel zur Ab\u00adwick\u00adlung des mit Ihnen ge\u00adschlos\u00adse\u00adnen Ver\u00adtra\u00adges oder zur Be\u00adant\u00adwor\u00adtung Ihrer An\u00adfra\u00adge.<\/p>\n<p>Nur soweit Sie uns zuvor Ihre Ein\u00adwil\u00adli\u00adgung er\u00adteilt haben bzw. wenn Sie \u2013 so\u00adweit ge\u00adsetz\u00adli\u00adche Re\u00adge\u00adlun\u00adgen dies vor\u00adse\u00adhen \u2013 kei\u00adnen Wi\u00adder\u00adspruch ein\u00adge\u00adlegt haben, nut\u00adzen wir diese Daten auch f\u00fcr pro\u00addukt\u00adbe\u00adzo\u00adge\u00adne Um\u00adfra\u00adgen, Mar\u00adke\u00adting\u00adzwe\u00adcke und statistische Zwecke.<\/p>\n<p>Eine Wei\u00adter\u00adga\u00adbe, Ver\u00adkauf oder sons\u00adti\u00adge \u00dcber\u00admitt\u00adlung Ihrer per\u00adso\u00adnen\u00adbe\u00adzo\u00adge\u00adnen Daten an Drit\u00adte er\u00adfolgt nicht, es sei denn, dass dies zum Zwe\u00adcke der Ver\u00adtrags\u00adab\u00adwick\u00adlung er\u00adfor\u00adder\u00adlich ist oder Sie aus\u00addr\u00fcck\u00adlich ein\u00adge\u00adwil\u00adligt haben.<\/p>\n<p>Eine erteilte Einwilligung kann mit Wirkung f\u00fcr die Zukunft jederzeit widerrufen werden.<\/p>\n<p><strong>Wie lange bleiben Ihre Daten gespeichert<\/strong><\/p>\n<p>Grunds\u00e4tzlich speichern wir alle Informationen, die Sie uns \u00fcbermitteln, bis der jeweilige, z.B. vertragliche Zweck erf\u00fcllt ist. Z. B. bei Anfragen bis zur Erledigung, bei Newslettern bis Sie den Newsletter wieder abbestellen. Ist eine l\u00e4ngere Speicherung gesetzlich vorgesehen, erfolgt die Speicherung in diesem Rahmen.<\/p>\n<p>Sollten Sie nicht mehr w\u00fcnschen, dass wir Ihre Daten nutzen, so kommen wir dieser Bitte nat\u00fcrlich umgehend nach (Bitte wenden Sie sich dazu an die unter \u201eKontakt\u201c angegebene Adresse).<\/p>\n<p><strong>Wann werden Ihre Daten gel\u00f6scht<\/strong><\/p>\n<p>Die L\u00f6schung der gespeicherten personenbezogenen Daten erfolgt, wenn Sie ihre Einwilligung zur Speicherung widerrufen, wenn die Kenntnis der Daten zur Erf\u00fcllung des mit der Speicherung verfolgten Zwecks nicht mehr erforderlich ist oder wenn die Speicherung aus sonstigen gesetzlichen Gr\u00fcnden unzul\u00e4ssig ist. Daten f\u00fcr Abrechnungszwecke und buchhalterische Zwecke werden von einem L\u00f6schungsverlangen nicht ber\u00fchrt.<\/p>\n<p><strong>Bereitstellung der Website und Erstellung von Logfiles<\/strong><\/p>\n<p><strong>Beschreibung und Umfang der Datenverarbeitung<\/strong><\/p>\n<p>Bei jedem Aufruf unserer Internetseite erfasst unser System automatisiert Daten und Informationen vom Computersystem des aufrufenden Rechners.<\/p>\n<p>Folgende Daten werden hierbei erhoben:<\/p>\n<ul>\n<li>Informationen \u00fcber den Browsertyp und die verwendete Version<\/li>\n<li>Das Betriebssystem des Nutzers<\/li>\n<li>Den Internet-Service-Provider des Nutzers<\/li>\n<li>Die IP-Adresse des Nutzers<\/li>\n<li>Datum und Uhrzeit des Zugriffs<\/li>\n<li>Websites, von denen das System des Nutzers auf unsere Internetseite gelangt<\/li>\n<li>Websites, die vom System des Nutzers \u00fcber unsere Website aufgerufen werden<\/li>\n<\/ul>\n<p>Die Daten werden ebenfalls in den Logfiles unseres Systems gespeichert. Nicht hiervon betroffen sind die IP-Adressen des Nutzers oder andere Daten, die die Zuordnung der Daten zu einem Nutzer erm\u00f6glichen. Eine Speicherung dieser Daten zusammen mit anderen personenbezogenen Daten des Nutzers findet nicht statt.<\/p>\n<p><strong>Rechtsgrundlage f\u00fcr die Datenverarbeitung<\/strong><\/p>\n<p>Rechtsgrundlage f\u00fcr die vor\u00fcbergehende Speicherung der Daten ist Art.\u00a06 Abs.\u00a01 lit.\u00a0f DSGVO.<\/p>\n<p><strong>Zweck der Datenverarbeitung<\/strong><\/p>\n<p>Die vor\u00fcbergehende Speicherung der IP-Adresse durch das System ist notwendig, um eine Auslieferung der Website an den Rechner des Nutzers zu erm\u00f6glichen. Hierf\u00fcr muss die IP-Adresse des Nutzers f\u00fcr die Dauer der Sitzung gespeichert bleiben.<\/p>\n<p><strong>Dauer der Speicherung<\/strong><\/p>\n<p>Die Daten werden gel\u00f6scht, sobald sie f\u00fcr die Erreichung des Zweckes ihrer Erhebung nicht mehr erforderlich sind. Im Falle der Erfassung der Daten zur Bereitstellung der Website ist dies der Fall, wenn die jeweilige Sitzung beendet ist.<\/p>\n<p><strong>Widerspruchs- und Beseitigungsm\u00f6glichkeit<\/strong><\/p>\n<p>Die Erfassung der Daten zur Bereitstellung der Website und die Speicherung der Daten in Logfiles ist f\u00fcr den Betrieb der Internetseite zwingend erforderlich. Es besteht folglich seitens des Nutzers keine Widerspruchsm\u00f6glichkeit.[\/vc_column_text][\/vc_column][vc_column width=&#8220;1\/2&#8243;][vc_column_text]<strong>Ein\u00adsatz von Coo\u00adkies<\/strong><\/p>\n<p>Im Rahmen Ihres Besuchs auf unseren Seiten verwenden wir sogenannte Cookies. Das sind kleine Textdateien, die auf Ihrem Computer abgelegt werden.\u00a0 Coo\u00adkies hel\u00adfen uns dabei, die Nut\u00adzungs\u00adh\u00e4u\u00adfig\u00adkeit und die An\u00adzahl der Nut\u00adzer un\u00adse\u00adrer In\u00adter\u00adnet\u00adsei\u00adten zu er\u00admit\u00adteln, sowie un\u00adse\u00adre An\u00adge\u00adbo\u00adte f\u00fcr Sie m\u00f6g\u00adlichst kom\u00adfor\u00adta\u00adbel und ef\u00adfi\u00adzi\u00adent zu ge\u00adstal\u00adten.<\/p>\n<p>Wir ver\u00adwen\u00adden ei\u00adner\u00adseits so\u00adge\u00adnann\u00adte \u201eSes\u00adsi\u00adon-Coo\u00adkies\u201c, die aus\u00adschlie\u00ad\u00df\u00adlich f\u00fcr die Dauer Ihrer Nut\u00adzung einer un\u00adse\u00adrer In\u00adter\u00adnet\u00adsei\u00adten zwi\u00adschen\u00adge\u00adspei\u00adchert wer\u00adden. Zum an\u00adde\u00adren be\u00adnut\u00adzen wir \u201eper\u00adma\u00adnen\u00adte Coo\u00adkies\u201c, um In\u00adfor\u00adma\u00adtio\u00adnen \u00fcber Be\u00adsu\u00adcher fest\u00adzu\u00adhal\u00adten, die wie\u00adder\u00adholt auf eine un\u00adse\u00adrer In\u00adter\u00adsei\u00adten zu\u00adgrei\u00adfen. Der Zweck des Ein\u00adsat\u00adzes die\u00adser Coo\u00adkies be\u00adsteht darin, Ihnen eine op\u00adti\u00adma\u00adle Be\u00adnut\u00adzer\u00adf\u00fch\u00adrung an\u00adbie\u00adten zu k\u00f6n\u00adnen sowie Sie \u201ewie\u00adder\u00adzu\u00ader\u00adken\u00adnen\u201c und Ihnen bei wie\u00adder\u00adhol\u00adter Nut\u00adzung eine m\u00f6g\u00adlichst ab\u00adwechs\u00adlungs\u00adrei\u00adche In\u00adter\u00adnet\u00adsei\u00adte und neue In\u00adhal\u00adte pr\u00e4\u00adsen\u00adtie\u00adren zu k\u00f6n\u00adnen. Der In\u00adhalt eines per\u00adma\u00adnen\u00adten Coo\u00adkies be\u00adschr\u00e4nkt sich auf eine Iden\u00adti\u00adfi\u00adka\u00adti\u00adons\u00adnum\u00admer. Name, IP-Adres\u00adse etc. wer\u00adden nicht ge\u00adspei\u00adchert. Eine Ein\u00adzel\u00adpro\u00adfil\u00adbil\u00addung \u00fcber Ihr Nut\u00adzungs\u00adver\u00adhal\u00adten fin\u00addet nicht statt.<\/p>\n<p>Eine Nut\u00adzung un\u00adse\u00adrer An\u00adge\u00adbo\u00adte ist auch ohne Coo\u00adkies m\u00f6g\u00adlich. Sie k\u00f6n\u00adnen in Ihrem Brow\u00adser das Spei\u00adchern von Coo\u00adkies de\u00adak\u00adti\u00advie\u00adren, auf be\u00adstimm\u00adte Web\u00adsites be\u00adschr\u00e4n\u00adken oder Ihren Brow\u00adser so ein\u00adstel\u00adlen, dass er sie be\u00adnach\u00adrich\u00adtigt, so\u00adbald ein Coo\u00adkie ge\u00adsen\u00addet wird. Bitte be\u00adach\u00adten Sie aber, dass Sie bei einer Deaktivierung mit einer ein\u00adge\u00adschr\u00e4nk\u00adten Dar\u00adstel\u00adlung der Seite und mit einer ein\u00adge\u00adschr\u00e4nk\u00adten Be\u00adnut\u00adzer\u00adf\u00fch\u00adrung rech\u00adnen m\u00fcs\u00adsen.<br \/>\nCookies, die zur Durchf\u00fchrung des elektronischen Kommunikationsvorgangs oder zur Bereitstellung bestimmter, von Ihnen erw\u00fcnschter Funktionen (z.B. Warenkorbfunktion) erforderlich sind, werden auf Grundlage von Art. 6 Abs. 1 lit. f DSGVO gespeichert. Der Websitebetreiber hat ein berechtigtes Interesse an der Speicherung von Cookies zur technisch fehlerfreien und optimierten Bereitstellung seiner Dienste. Soweit andere Cookies (z.B. Cookies zur Analyse Ihres Surfverhaltens) gespeichert werden, werden diese in dieser Datenschutzerkl\u00e4rung gesondert behandelt.<\/p>\n<p><strong>Was tun wir f\u00fcr die Si\u00adcher\u00adheit der Verarbeitung<\/strong><\/p>\n<p>Unser Unternehmen trifft alle not\u00adwen\u00addi\u00adgen tech\u00adni\u00adschen und or\u00adga\u00adni\u00adsa\u00adto\u00adri\u00adschen Si\u00adcher\u00adheits\u00adma\u00df\u00adnah\u00admen, um Ihre per\u00adso\u00adnen\u00adbe\u00adzo\u00adge\u00adnen Daten vor Ver\u00adlust und Miss\u00adbrauch zu sch\u00fct\u00adzen. So wer\u00adden Ihre Daten in einer si\u00adche\u00adren Be\u00adtriebs\u00adum\u00adge\u00adbung ge\u00adspei\u00adchert, die der \u00d6f\u00adfent\u00adlich\u00adkeit nicht zu\u00adg\u00e4ng\u00adlich ist. In be\u00adstimm\u00adten F\u00e4l\u00adlen wer\u00adden Ihre per\u00adso\u00adnen\u00adbe\u00adzo\u00adge\u00adnen Daten bei der \u00dcber\u00admitt\u00adlung durch die sog. Se\u00adcu\u00adre So\u00adcket Lay\u00ader-Tech\u00adno\u00adlo\u00adgie (SSL) ver\u00adschl\u00fcs\u00adselt. Das be\u00addeu\u00adtet, dass die Kom\u00admu\u00adni\u00adka\u00adti\u00adon zwi\u00adschen Ihrem Com\u00adpu\u00adter und den Ser\u00advern unseres\u00a0\u00a0 Unternehmens unter Ein\u00adsatz eines an\u00ader\u00adkann\u00adten Ver\u00adschl\u00fcs\u00adse\u00adlungs\u00adver\u00adfah\u00adrens er\u00adfolgt, wenn Ihr Brow\u00adser SSL un\u00adter\u00adst\u00fctzt.<\/p>\n<p>Oder : SSL- bzw. TLS-Verschl\u00fcsselung<\/p>\n<p>Diese Seite nutzt aus Sicherheitsgr\u00fcnden und zum Schutz der \u00dcbertragung vertraulicher Inhalte, wie zum Beispiel Bestellungen oder Anfragen, die Sie an uns als Seitenbetreiber senden, eine SSL-bzw. TLS-Verschl\u00fcsselung. Eine verschl\u00fcsselte Verbindung erkennen Sie daran, dass die Adresszeile des Browsers von \u201chttp:\/\/\u201d auf \u201chttps:\/\/\u201d wechselt und an dem Schloss-Symbol in Ihrer Browserzeile.<\/p>\n<p>Wenn die SSL- bzw. TLS-Verschl\u00fcsselung aktiviert ist, k\u00f6nnen die Daten, die Sie an uns \u00fcbermitteln, nicht von Dritten mitgelesen werden.<br \/>\nSoll\u00adten Sie mit unserem Unternehmen \u00fcber E-Mail in Kon\u00adtakt tre\u00adten wol\u00adlen, wei\u00adsen wir dar\u00adauf hin, dass die Ver\u00adtrau\u00adlich\u00adkeit der \u00fcber\u00admit\u00adtel\u00adten In\u00adfor\u00adma\u00adtio\u00adnen nicht ge\u00adw\u00e4hr\u00adleis\u00adtet ist. Der In\u00adhalt von E-Mails kann von Drit\u00adten ein\u00adge\u00adse\u00adhen wer\u00adden. Wir emp\u00adfeh\u00adlen Ihnen daher, uns ver\u00adtrau\u00adli\u00adche In\u00adfor\u00adma\u00adtio\u00adnen aus\u00adschlie\u00ad\u00df\u00adlich \u00fcber den Post\u00adweg zu\u00adkom\u00admen zu las\u00adsen.<\/p>\n<p><strong>Das sind Ihre Datenschutzrechte<\/strong><\/p>\n<p>Sie haben im Rahmen der geltenden gesetzlichen Bestimmungen jederzeit das Recht auf unentgeltliche Auskunft \u00fcber Ihre gespeicherten personenbezogenen Daten, deren Herkunft und m\u00f6gliche Empf\u00e4nger und den Zweck der Datenverarbeitung (Art. 15 DSGVO) und ggf. ein Recht auf Berichtigung unrichtiger Daten Art. 16 DSGVO), L\u00f6schung dieser Daten (Art. 17 DSGVO) das Recht auf Einschr\u00e4nkung der Verarbeitung nach Art. 18 DSGVO, auf Widerspruch\u00a0 (Art. 21 DSGVO) sowie das Recht auf Daten\u00fcbertragbarkeit von Ihnen bereitgestellter Daten nach Art. 20 DSGVO). Beim Auskunftsrecht und beim L\u00f6schungsrecht gelten die Einschr\u00e4nkungen nach \u00a7\u00a7 34 und 35 BDSG.<br \/>\nDar\u00fcber hinaus steht Ihnen im Falle datenschutzrechtlicher Verst\u00f6\u00dfe ein Beschwerderecht bei der zust\u00e4ndigen Aufsichtsbeh\u00f6rde zu (Art. 77 DSGVO i.V.m. \u00a719 BDSG). Zust\u00e4ndige Aufsichtsbeh\u00f6rde in datenschutzrechtlichen Fragen ist der Landesdatenschutzbeauftragte des Bundeslandes, in dem unser Unternehmen seinen Sitz hat. Eine Liste der Datenschutzbeauftragten sowie deren Kontaktdaten k\u00f6nnen folgendem Link entnommen werden: <a href=\"https:\/\/www.bfdi.bund.de\/DE\/Infothek\/Anschriften_Links\/anschriften_links-node.html\" target=\"_blank\" rel=\"noopener\">https:\/\/www.bfdi.bund.de\/DE\/Infothek\/Anschriften_Links\/anschriften_links-node.html<\/a>.<\/p>\n<p><strong>Wie Sie gegebene Einwilligungen zur Datenverarbeitung widerrufen k\u00f6nnen<\/strong><\/p>\n<p>Viele Datenverarbeitungsvorg\u00e4nge sind nur mit Ihrer ausdr\u00fccklichen Einwilligung m\u00f6glich. Sie k\u00f6nnen eine bereits erteilte Einwilligung jederzeit widerrufen. Dazu reicht eine formlose Mitteilung per E-Mail an uns. Die Rechtm\u00e4\u00dfigkeit der bis zum Widerruf erfolgten Datenverarbeitung bleibt vom Widerruf unber\u00fchrt.<\/p>\n<p><strong>Kon\u00adtakt bei Fragen, Beschwerden, Geltendmachung ihrer Rechte<\/strong><\/p>\n<p>Bei Fragen, Beschwerden oder Geltendmachung Ihrer Datenschutzrechte k\u00f6nnen Sie mit uns \u00fcber folgende E-Mail Adresse Verbindung treten: <a href=\"mailto:geis@hausarzt-stuttgart-rot.de\">geis@hausarzt-stuttgart-rot.de<\/a><\/p>\n<p><strong>\u00c4nderungen der Datenschutzerkl\u00e4rung<\/strong><\/p>\n<p>Es k\u00f6nnen \u00c4nderungen an diesen Datenschutzhinweisen vorgenommen werden, die auf dieser Seite rechtzeitig bekanntgegeben werden.<\/p>\n<p><strong>Datenschutz bei Bewerbungen und im Bewerbungsverfahren<\/strong><\/p>\n<p>Wir erheben und verarbeiten die personenbezogenen Daten von Bewerbern zum Zwecke der Abwicklung des Bewerbungsverfahrens. Die Verarbeitung kann auch auf elektronischem Wege erfolgen. Dies ist insbesondere dann der Fall, wenn ein Bewerber entsprechende Bewerbungsunterlagen auf dem elektronischen Wege, beispielsweise per E-Mail, an uns \u00fcbermittelt. Bei Abschluss eines Anstellungsvertrages mit einem Bewerber werden die \u00fcbermittelten Daten zum Zwecke der Abwicklung des Besch\u00e4ftigungsverh\u00e4ltnisses unter Beachtung der gesetzlichen Vorschriften gespeichert. Wird kein Anstellungsvertrag mit dem Bewerber geschlossen, so werden die Bewerbungsunterlagen sechs Monate nach Bekanntgabe der Absageentscheidung automatisch gel\u00f6scht, sofern einer L\u00f6schung keine sonstigen berechtigten Interessen des f\u00fcr die Verarbeitung Verantwortlichen entgegenstehen. Sonstiges berechtigtes Interesse in diesem Sinne ist beispielsweise eine Beweispflicht in einem Verfahren nach dem Allgemeinen Gleichbehandlungsgesetz (AGG).<\/p>\n<p><strong>Google Web Fonts<\/strong><\/p>\n<p>Diese Seite nutzt zur einheitlichen Darstellung von Schriftarten so genannte Web Fonts, die von Google bereitgestellt werden. Beim Aufruf einer Seite l\u00e4dt Ihr Browser die ben\u00f6tigten Web Fonts in ihren Browsercache, um Texte und Schriftarten korrekt anzuzeigen.<\/p>\n<p>Zu diesem Zweck muss der von Ihnen verwendete Browser Verbindung zu den Servern von Google aufnehmen. Hierdurch erlangt Google Kenntnis dar\u00fcber, dass \u00fcber Ihre IP-Adresse unsere Website aufgerufen wurde. Die Nutzung von Google Web Fonts erfolgt im Interesse einer einheitlichen und ansprechenden Darstellung unserer Online-Angebote. Dies stellt ein berechtigtes Interesse im Sinne von Art. 6 Abs. 1 lit. f DSGVO dar.<\/p>\n<p>Wenn Ihr Browser Web Fonts nicht unterst\u00fctzt, wird eine Standardschrift von Ihrem Computer genutzt.<br \/>\nWeitere Informationen zu Google Web Fonts finden Sie unter <a href=\"https:\/\/developers.google.com\/fonts\/faq\" target=\"_blank\" rel=\"noopener\">https:\/\/developers.google.com\/fonts\/faq<\/a> und in der Datenschutzerkl\u00e4rung von Google: <a href=\"https:\/\/www.google.com\/policies\/privacy\/\" target=\"_blank\" rel=\"noopener\">https:\/\/www.google.com\/policies\/privacy\/<\/a>.<\/p>\n<p><strong>Google Maps<\/strong><\/p>\n<p>Diese Seite nutzt \u00fcber eine API den Kartendienst Google Maps. Anbieter ist die Google Inc., 1600 Amphitheatre Parkway, Mountain View, CA 94043, USA.<\/p>\n<p>Zur Nutzung der Funktionen von Google Maps ist es notwendig, Ihre IP Adresse zu speichern. Diese Informationen werden in der Regel an einen Server von Google in den USA \u00fcbertragen und dort gespeichert. Der Anbieter dieser Seite hat keinen Einfluss auf diese Daten\u00fcbertragung.<\/p>\n<p>Die Nutzung von Google Maps erfolgt im Interesse einer ansprechenden Darstellung unserer Online-Angebote und an einer leichten Auffindbarkeit der von uns auf der Website angegebenen Orte. Dies stellt ein berechtigtes Interesse im Sinne von Art. 6 Abs. 1 lit. f DSGVO dar.<br \/>\nMehr Informationen zum Umgang mit Nutzerdaten finden Sie in der Datenschutzerkl\u00e4rung von Google: <a href=\"https:\/\/www.google.de\/intl\/de\/policies\/privacy\/\" target=\"_blank\" rel=\"noopener\">https:\/\/www.google.de\/intl\/de\/policies\/privacy\/<\/a>.[\/vc_column_text][\/vc_column][\/vc_row]<\/p>\n","protected":false},"excerpt":{"rendered":"<p>[vc_row bottom_padding=&#8220;80&#8243;][vc_column width=&#8220;1\/1&#8243;][\/vc_column][vc_column width=&#8220;1\/2&#8243;][vc_column_text] Datenschutzerkl\u00e4rung Stand14.05.2018 Mit dieser Erkl\u00e4rung geben wir Ihnen einen \u00dcberblick, wie bei der Nutzung unserer Internetseiten Daten zu Ihrer Person erhoben und verarbeitet werden. Verantwortlicher f\u00fcr die Verarbeitung Dr. med. Fabian Rieber Haldenrainstra\u00dfe 181 70437 Stuttgart Telefon: 0711 \u2013 87 12 00 Fax: 0711 \u2013 84 06 30 E-Mail: dr.rieber@docpost.de Was sind personenbezogene Daten Personenbezogene Daten sind alle Informationen, die sich auf eine identifizierte oder identifizierbare nat\u00fcrliche Person beziehen. Entscheidend ist also, ob durch die erhobenen Daten ein Personenbezug hergestellt werden kann. Dar\u00adun\u00adter fal\u00adlen In\u00adfor\u00adma\u00adtio\u00adnen wie z.B. Ihr Name, Ihre An\u00adschrift, Ihre Te\u00adle\u00adfon\u00adnum\u00admer, Mailadresse. In\u00adfor\u00adma\u00adtio\u00adnen, die nicht di\u00adrekt mit Ihrer wirk\u00adli\u00adchen Iden\u00adti\u00adt\u00e4t in Ver\u00adbin\u00addung ge\u00adbracht wer\u00adden \u2013 wie z.B. fa\u00advo\u00adri\u00adsier\u00adte Web\u00adsei\u00adten oder An\u00adzahl der Nut\u00adzer einer Seite \u2013 sind keine per\u00adso\u00adnen\u00adbe\u00adzo\u00adge\u00adnen Daten. Wie erheben und verarbeiten wir Daten zu Ihrer Person Wenn Sie un\u00adse\u00adre Web\u00adsei\u00adten be\u00adsu\u00adchen, spei\u00adchern un\u00adse\u00adre Web\u00adser\u00adver stan\u00addard\u00adm\u00e4\u00ad\u00dfig zum Zweck der Sys\u00adtem\u00adsi\u00adcher\u00adheit tem\u00adpo\u00adr\u00e4r die Ver\u00adbin\u00addungs\u00adda\u00adten des an\u00adfra\u00adgen\u00adden Rech\u00adners, die Web\u00adsei\u00adten, die Sie bei uns be\u00adsu\u00adchen, das Datum und die Dauer des Be\u00adsu\u00adches, die Er\u00adken\u00adnungs\u00adda\u00adten des ver\u00adwen\u00adde\u00adten Brow\u00adser- und Be\u00adtriebs\u00adsys\u00adtem-Typs sowie die Web\u00adsei\u00adte, von der aus Sie uns be\u00adsu\u00adchen. Dar\u00ad\u00fcber hin\u00adaus\u00adge\u00adhen\u00adde per\u00adsonen\u00adbe\u00adzo\u00adge\u00adne An\u00adga\u00adben wie Ihr Name, Ihre An\u00adschrift, Te\u00adle\u00adfon\u00adnum\u00admer oder E-Mail-Adres\u00adse wer\u00adden nicht er\u00adfasst, es [&hellip;]<\/p>\n","protected":false},"author":1,"featured_media":0,"parent":0,"menu_order":0,"comment_status":"closed","ping_status":"closed","template":"","meta":{"footnotes":""},"class_list":["post-21","page","type-page","status-publish","hentry"],"aioseo_notices":[],"_links":{"self":[{"href":"https:\/\/hausarzt-stuttgart-rot.de\/geis\/wp-json\/wp\/v2\/pages\/21","targetHints":{"allow":["GET"]}}],"collection":[{"href":"https:\/\/hausarzt-stuttgart-rot.de\/geis\/wp-json\/wp\/v2\/pages"}],"about":[{"href":"https:\/\/hausarzt-stuttgart-rot.de\/geis\/wp-json\/wp\/v2\/types\/page"}],"author":[{"embeddable":true,"href":"https:\/\/hausarzt-stuttgart-rot.de\/geis\/wp-json\/wp\/v2\/users\/1"}],"replies":[{"embeddable":true,"href":"https:\/\/hausarzt-stuttgart-rot.de\/geis\/wp-json\/wp\/v2\/comments?post=21"}],"version-history":[{"count":19,"href":"https:\/\/hausarzt-stuttgart-rot.de\/geis\/wp-json\/wp\/v2\/pages\/21\/revisions"}],"predecessor-version":[{"id":681,"href":"https:\/\/hausarzt-stuttgart-rot.de\/geis\/wp-json\/wp\/v2\/pages\/21\/revisions\/681"}],"wp:attachment":[{"href":"https:\/\/hausarzt-stuttgart-rot.de\/geis\/wp-json\/wp\/v2\/media?parent=21"}],"curies":[{"name":"wp","href":"https:\/\/api.w.org\/{rel}","templated":true}]}}