{"id":13,"date":"2015-11-17T10:05:09","date_gmt":"2015-11-17T09:05:09","guid":{"rendered":"http:\/\/hausarzt-stuttgart-rot.de\/geis\/?page_id=13"},"modified":"2022-11-09T09:51:44","modified_gmt":"2022-11-09T08:51:44","slug":"anfahrt","status":"publish","type":"page","link":"https:\/\/hausarzt-stuttgart-rot.de\/geis\/anfahrt\/","title":{"rendered":"Anfahrt"},"content":{"rendered":"<p>[vc_row bottom_padding=&#8220;50&#8243;][vc_column width=&#8220;1\/1&#8243;]<h1 class=\"headline font-inherit fontsize-xxl fontweight-500 lh-14 align-center transform-uppercase \" style=\"margin: 0 0 20px 0;\">Anfahrt<\/h1><h2 class=\"headline font-inherit fontsize-l fontweight-400 lh-13 align-center transform-inherit \" style=\"margin: 0 0 20px 0;\">Sie finden unsere Hausarztpraxis in Stuttgart Rot<\/h2>[\/vc_column][\/vc_row][vc_row bottom_padding=&#8220;80&#8243;][vc_column width=&#8220;1\/2&#8243;][vc_column_text]Sie finden uns in Stuttgart Rot, gleich neben der Stadtbahnhaltestelle Tapachstra\u00dfe.<\/p>\n<h2>ANREISE MIT \u00d6FFENTLICHEN VERKEHRSMITTELN<\/h2>\n<p>Unsere Praxis ist mit \u00f6ffentlichen Verkehrsmitteln sehr gut zu erreichen. Direkt vor dem Eingang h\u00e4lt die Stadtbahn Linie U7, Haltestelle Tapachstra\u00dfe.<\/p>\n<h2>ANREISE MIT DEM PKW<\/h2>\n<p>Mit dem Auto kommend finden Sie meist gen\u00fcgend Parkpl\u00e4tze am Haus. Im Navigationsger\u00e4t geben Sie bitte als Ziel <em>Gundelsheimerstra\u00dfe 24<\/em> ein.<\/p>\n<h2>BARRIEREFREIHEIT<\/h2>\n<p>Die Praxis befindet sich im Erdgeschoss. Sie ist rollstuhlgerecht und barrierefrei.[\/vc_column_text][\/vc_column][vc_column width=&#8220;1\/2&#8243;]<a href=\"https:\/\/goo.gl\/maps\/k6NNhPBFdES2HEw46\" target=\"_blank\" class=\"button color-1 small \" style=\"border-radius: 2px;\">Zu Google Maps<\/a>[\/vc_column][\/vc_row]<\/p>\n","protected":false},"excerpt":{"rendered":"<p>[vc_row bottom_padding=&#8220;50&#8243;][vc_column width=&#8220;1\/1&#8243;][\/vc_column][\/vc_row][vc_row bottom_padding=&#8220;80&#8243;][vc_column width=&#8220;1\/2&#8243;][vc_column_text]Sie finden uns in Stuttgart Rot, gleich neben der Stadtbahnhaltestelle Tapachstra\u00dfe. ANREISE MIT \u00d6FFENTLICHEN VERKEHRSMITTELN Unsere Praxis ist mit \u00f6ffentlichen Verkehrsmitteln sehr gut zu erreichen. Direkt vor dem Eingang h\u00e4lt die Stadtbahn Linie U7, Haltestelle Tapachstra\u00dfe. ANREISE MIT DEM PKW Mit dem Auto kommend finden Sie meist gen\u00fcgend Parkpl\u00e4tze am Haus. Im Navigationsger\u00e4t geben Sie bitte als Ziel Gundelsheimerstra\u00dfe 24 ein. BARRIEREFREIHEIT Die Praxis befindet sich im Erdgeschoss. Sie ist rollstuhlgerecht und barrierefrei.[\/vc_column_text][\/vc_column][vc_column width=&#8220;1\/2&#8243;][\/vc_column][\/vc_row]<\/p>\n","protected":false},"author":1,"featured_media":0,"parent":0,"menu_order":0,"comment_status":"closed","ping_status":"closed","template":"","meta":{"footnotes":""},"class_list":["post-13","page","type-page","status-publish","hentry"],"aioseo_notices":[],"_links":{"self":[{"href":"https:\/\/hausarzt-stuttgart-rot.de\/geis\/wp-json\/wp\/v2\/pages\/13","targetHints":{"allow":["GET"]}}],"collection":[{"href":"https:\/\/hausarzt-stuttgart-rot.de\/geis\/wp-json\/wp\/v2\/pages"}],"about":[{"href":"https:\/\/hausarzt-stuttgart-rot.de\/geis\/wp-json\/wp\/v2\/types\/page"}],"author":[{"embeddable":true,"href":"https:\/\/hausarzt-stuttgart-rot.de\/geis\/wp-json\/wp\/v2\/users\/1"}],"replies":[{"embeddable":true,"href":"https:\/\/hausarzt-stuttgart-rot.de\/geis\/wp-json\/wp\/v2\/comments?post=13"}],"version-history":[{"count":16,"href":"https:\/\/hausarzt-stuttgart-rot.de\/geis\/wp-json\/wp\/v2\/pages\/13\/revisions"}],"predecessor-version":[{"id":873,"href":"https:\/\/hausarzt-stuttgart-rot.de\/geis\/wp-json\/wp\/v2\/pages\/13\/revisions\/873"}],"wp:attachment":[{"href":"https:\/\/hausarzt-stuttgart-rot.de\/geis\/wp-json\/wp\/v2\/media?parent=13"}],"curies":[{"name":"wp","href":"https:\/\/api.w.org\/{rel}","templated":true}]}}