{"id":11,"date":"2015-11-17T10:04:54","date_gmt":"2015-11-17T09:04:54","guid":{"rendered":"http:\/\/hausarzt-stuttgart-rot.de\/geis\/?page_id=11"},"modified":"2020-10-21T23:51:11","modified_gmt":"2020-10-21T21:51:11","slug":"leistungen","status":"publish","type":"page","link":"https:\/\/hausarzt-stuttgart-rot.de\/geis\/leistungen\/","title":{"rendered":"Leistungen"},"content":{"rendered":"<p>[vc_row bottom_padding=&#8220;20&#8243;][vc_column width=&#8220;1\/1&#8243;]<h1 class=\"headline font-inherit fontsize-xxl fontweight-500 lh-14 align-center transform-uppercase \" style=\"margin: 0 0 40px 0;\">Leistungsspektrum und Diagnostik<br \/>\nder Hausarztpraxis Dr. Rieber, Dr. Geis und Dr. Sigloch in Stuttgart Rot <\/h1>[\/vc_column][\/vc_row][vc_row][vc_column width=&#8220;1\/3&#8243;]<h2 class=\"headline font-inherit fontsize-xl fontweight-inherit lh-inherit align-left transform-inherit \" style=\"margin: 0 0 0 0;\">Unser Leistungsspektrum<\/h2><div class=\"divider divider5\" style='margin:20px 0 60px 0 !important;'><\/div>[\/vc_column][vc_column width=&#8220;1\/3&#8243;][\/vc_column][vc_column width=&#8220;1\/3&#8243;][\/vc_column][\/vc_row][vc_row bottom_padding=&#8220;60&#8243;][vc_column width=&#8220;1\/3&#8243;][vc_column_text el_class=&#8220;leistungen&#8220;]<\/p>\n<ul>\n<li>Haus\u00e4rztliche Grundversorgung<\/li>\n<li>Jugendschutzuntersuchungen<\/li>\n<li>Gesundheitsuntersuchungen<\/li>\n<li>Hautkrebsscreening<\/li>\n<li>Krebsvorsorge beim Mann<\/li>\n<li>Hausbesuche<\/li>\n<li>Betreuung von Alten- und Pflegeheimpatienten<\/li>\n<li>Geriatrische Grundversorgung<\/li>\n<li>Diagnostik und Behandlung von Erkrankungen der inneren Medizin<\/li>\n<\/ul>\n<p>[\/vc_column_text][\/vc_column][vc_column width=&#8220;1\/3&#8243;][vc_column_text el_class=&#8220;leistungen&#8220;]<\/p>\n<ul>\n<li>Behandlung im Rahmen der Disease Management Programme wie Diabetes mellitus Typ II, KHK, Asthma bronchiale und COPD<\/li>\n<li>Schulungprogramme bei Erkrankung Diabetes mellitus Typ II<\/li>\n<li>Psychosomatische Grundversorgung<\/li>\n<li>Impfberatung<\/li>\n<li>Kurantr\u00e4ge<\/li>\n<li>Sporttauglichkeitsuntersuchungen<\/li>\n<\/ul>\n<p>[\/vc_column_text][\/vc_column][vc_column width=&#8220;1\/3&#8243;]<div class=\"single_image wpb_content_element align-left  animate   \" data-animation=\"fade-in\" data-delay=\"300\"><img loading=\"lazy\" decoding=\"async\" class=\"\" src=\"https:\/\/hausarzt-stuttgart-rot.de\/geis\/wp-content\/uploads\/sites\/3\/2015\/11\/leistungen-hausarzt-stuttgart-rot-zuffenhausen-360x229.jpg\" width=\"360\" height=\"229\" alt=\"Leistungen Hausarzt Stuttgart Rot Zuffenhausen Freiberg\" title=\"leistungen-hausarzt-stuttgart-rot-zuffenhausen\" \/><\/div>[\/vc_column][\/vc_row][vc_row][vc_column width=&#8220;1\/3&#8243;]<h2 class=\"headline font-inherit fontsize-xl fontweight-inherit lh-inherit align-left transform-inherit \" style=\"margin: 0 0 0 0;\">Diagnostik<\/h2><div class=\"divider divider5\" style='margin:20px 0 60px 0 !important;'><\/div>[\/vc_column][vc_column width=&#8220;1\/3&#8243;][\/vc_column][vc_column width=&#8220;1\/3&#8243;][\/vc_column][\/vc_row][vc_row bottom_padding=&#8220;60&#8243;][vc_column width=&#8220;1\/3&#8243;][vc_column_text el_class=&#8220;leistungen&#8220;]<\/p>\n<ul>\n<li>Ruhe-EKG<\/li>\n<li>Belastungs-Ekg<\/li>\n<li>Langzeit-EKG<\/li>\n<li>Langzeit-Blutdruckmessung<\/li>\n<li>Lungenfunktion<\/li>\n<li>Dopplerdruckmessung der Beinarterien<\/li>\n<\/ul>\n<p>[\/vc_column_text][\/vc_column][vc_column width=&#8220;1\/3&#8243;][vc_column_text el_class=&#8220;leistungen&#8220;]<\/p>\n<ul>\n<li>Ultraschalluntersuchungen:\n<ul>\n<li>Bauchorgane<\/li>\n<li>Schilddr\u00fcse<\/li>\n<li>Echokardiographie (Herz)<\/li>\n<li>Duplexsonographie der Halsgef\u00e4\u00dfe, Beinarterien und Beinvenen<\/li>\n<\/ul>\n<\/li>\n<\/ul>\n<p>[\/vc_column_text][\/vc_column][vc_column width=&#8220;1\/3&#8243;]<div class=\"single_image wpb_content_element align-left  animate   \" data-animation=\"fade-in\" data-delay=\"600\"><img loading=\"lazy\" decoding=\"async\" class=\"\" src=\"https:\/\/hausarzt-stuttgart-rot.de\/geis\/wp-content\/uploads\/sites\/3\/2015\/11\/ekg-stuttgart-hausarzt-360x229.jpg\" width=\"360\" height=\"229\" alt=\"EKG Hausarzt Dr. Geis in Stuttgart\" title=\"EKG Hausarzt Dr. Geis in Stuttgart\" \/><\/div>[\/vc_column][\/vc_row]<\/p>\n","protected":false},"excerpt":{"rendered":"<p>[vc_row bottom_padding=&#8220;20&#8243;][vc_column width=&#8220;1\/1&#8243;][\/vc_column][\/vc_row][vc_row][vc_column width=&#8220;1\/3&#8243;][\/vc_column][vc_column width=&#8220;1\/3&#8243;][\/vc_column][vc_column width=&#8220;1\/3&#8243;][\/vc_column][\/vc_row][vc_row bottom_padding=&#8220;60&#8243;][vc_column width=&#8220;1\/3&#8243;][vc_column_text el_class=&#8220;leistungen&#8220;] Haus\u00e4rztliche Grundversorgung Jugendschutzuntersuchungen Gesundheitsuntersuchungen Hautkrebsscreening Krebsvorsorge beim Mann Hausbesuche Betreuung von Alten- und Pflegeheimpatienten Geriatrische Grundversorgung Diagnostik und Behandlung von Erkrankungen der inneren Medizin [\/vc_column_text][\/vc_column][vc_column width=&#8220;1\/3&#8243;][vc_column_text el_class=&#8220;leistungen&#8220;] Behandlung im Rahmen der Disease Management Programme wie Diabetes mellitus Typ II, KHK, Asthma bronchiale und COPD Schulungprogramme bei Erkrankung Diabetes mellitus Typ II Psychosomatische Grundversorgung Impfberatung Kurantr\u00e4ge Sporttauglichkeitsuntersuchungen [\/vc_column_text][\/vc_column][vc_column width=&#8220;1\/3&#8243;][\/vc_column][\/vc_row][vc_row][vc_column width=&#8220;1\/3&#8243;][\/vc_column][vc_column width=&#8220;1\/3&#8243;][\/vc_column][vc_column width=&#8220;1\/3&#8243;][\/vc_column][\/vc_row][vc_row bottom_padding=&#8220;60&#8243;][vc_column width=&#8220;1\/3&#8243;][vc_column_text el_class=&#8220;leistungen&#8220;] Ruhe-EKG Belastungs-Ekg Langzeit-EKG Langzeit-Blutdruckmessung Lungenfunktion Dopplerdruckmessung der Beinarterien [\/vc_column_text][\/vc_column][vc_column width=&#8220;1\/3&#8243;][vc_column_text el_class=&#8220;leistungen&#8220;] Ultraschalluntersuchungen: Bauchorgane Schilddr\u00fcse Echokardiographie (Herz) Duplexsonographie der Halsgef\u00e4\u00dfe, Beinarterien und Beinvenen [\/vc_column_text][\/vc_column][vc_column width=&#8220;1\/3&#8243;][\/vc_column][\/vc_row]<\/p>\n","protected":false},"author":1,"featured_media":0,"parent":0,"menu_order":0,"comment_status":"closed","ping_status":"closed","template":"","meta":{"footnotes":""},"class_list":["post-11","page","type-page","status-publish","hentry"],"aioseo_notices":[],"_links":{"self":[{"href":"https:\/\/hausarzt-stuttgart-rot.de\/geis\/wp-json\/wp\/v2\/pages\/11","targetHints":{"allow":["GET"]}}],"collection":[{"href":"https:\/\/hausarzt-stuttgart-rot.de\/geis\/wp-json\/wp\/v2\/pages"}],"about":[{"href":"https:\/\/hausarzt-stuttgart-rot.de\/geis\/wp-json\/wp\/v2\/types\/page"}],"author":[{"embeddable":true,"href":"https:\/\/hausarzt-stuttgart-rot.de\/geis\/wp-json\/wp\/v2\/users\/1"}],"replies":[{"embeddable":true,"href":"https:\/\/hausarzt-stuttgart-rot.de\/geis\/wp-json\/wp\/v2\/comments?post=11"}],"version-history":[{"count":52,"href":"https:\/\/hausarzt-stuttgart-rot.de\/geis\/wp-json\/wp\/v2\/pages\/11\/revisions"}],"predecessor-version":[{"id":684,"href":"https:\/\/hausarzt-stuttgart-rot.de\/geis\/wp-json\/wp\/v2\/pages\/11\/revisions\/684"}],"wp:attachment":[{"href":"https:\/\/hausarzt-stuttgart-rot.de\/geis\/wp-json\/wp\/v2\/media?parent=11"}],"curies":[{"name":"wp","href":"https:\/\/api.w.org\/{rel}","templated":true}]}}